{"id":3056,"date":"2023-09-20T09:55:28","date_gmt":"2023-09-20T09:55:28","guid":{"rendered":"https:\/\/piscinassantfeliu.com\/producte\/eliminadir-fosfatos\/"},"modified":"2023-09-20T09:55:30","modified_gmt":"2023-09-20T09:55:30","slug":"eliminadir-fosfatos","status":"publish","type":"product","link":"https:\/\/piscinassantfeliu.com\/en\/producte\/eliminadir-fosfatos\/","title":{"rendered":"Eliminadir fosfatos"},"content":{"rendered":"","protected":false},"excerpt":{"rendered":"<p>Elimina fosfatos MAXI, facilita el mantenimiento de la piscina.\u00a0Los fosfatos se generan en mayor cantidad en piscinas tratadas con Cloradores Salinos o equipos de ox\u00edgeno activado, por ello recomendamos analizar su concentraci\u00f3n al inicio de la temporada con kit de fosfatos y si hay presencia (m\u00e1s de 100 ppb), aplicar un tratamiento de ANTI-FOSFATOS.\u00a0Facilitar\u00e1 el mantenimiento de la piscina.\u00a0Recomendado para mantenimiento con concentraciones de hasta 500 ppb.\u00a0Dosis inicial (=500 ppb): 0,6 L\/100 m3.<\/p>\n","protected":false},"featured_media":1230,"comment_status":"closed","ping_status":"open","template":"","meta":[],"product_brand":[],"product_cat":[31],"product_tag":[],"class_list":{"0":"post-3056","1":"product","2":"type-product","3":"status-publish","4":"has-post-thumbnail","6":"product_cat-producte-quimic","8":"first","9":"instock","10":"purchasable","11":"product-type-simple"},"yoast_head":"<!-- This site is optimized with the Yoast SEO plugin v25.5 - https:\/\/yoast.com\/wordpress\/plugins\/seo\/ -->\n<title>Eliminadir fosfatos - Piscines Sant Feliu<\/title>\n<meta name=\"robots\" content=\"index, follow, max-snippet:-1, max-image-preview:large, max-video-preview:-1\" \/>\n<link rel=\"canonical\" href=\"https:\/\/piscinassantfeliu.com\/en\/producte\/eliminadir-fosfatos\/\" \/>\n<meta property=\"og:locale\" content=\"en_US\" \/>\n<meta property=\"og:type\" content=\"article\" \/>\n<meta property=\"og:title\" content=\"Eliminadir fosfatos - Piscines Sant Feliu\" \/>\n<meta property=\"og:description\" content=\"Elimina fosfatos MAXI, facilita el mantenimiento de la piscina.\u00a0Los fosfatos se generan en mayor cantidad en piscinas tratadas con Cloradores Salinos o equipos de ox\u00edgeno activado, por ello recomendamos analizar su concentraci\u00f3n al inicio de la temporada con kit de fosfatos y si hay presencia (m\u00e1s de 100 ppb), aplicar un tratamiento de ANTI-FOSFATOS.\u00a0Facilitar\u00e1 el mantenimiento de la piscina.\u00a0Recomendado para mantenimiento con concentraciones de hasta 500 ppb.\u00a0Dosis inicial (=500 ppb): 0,6 L\/100 m3.\" \/>\n<meta property=\"og:url\" content=\"https:\/\/piscinassantfeliu.com\/en\/producte\/eliminadir-fosfatos\/\" \/>\n<meta property=\"og:site_name\" content=\"Piscines Sant Feliu\" \/>\n<meta property=\"article:modified_time\" content=\"2023-09-20T09:55:30+00:00\" \/>\n<meta property=\"og:image\" content=\"https:\/\/piscinassantfeliu.com\/wp-content\/uploads\/2023\/06\/202076.jpg\" \/>\n\t<meta property=\"og:image:width\" content=\"1280\" \/>\n\t<meta property=\"og:image:height\" content=\"1280\" \/>\n\t<meta property=\"og:image:type\" content=\"image\/jpeg\" \/>\n<meta name=\"twitter:card\" content=\"summary_large_image\" \/>\n<script type=\"application\/ld+json\" class=\"yoast-schema-graph\">{\"@context\":\"https:\/\/schema.org\",\"@graph\":[{\"@type\":\"WebPage\",\"@id\":\"https:\/\/piscinassantfeliu.com\/en\/producte\/eliminadir-fosfatos\/\",\"url\":\"https:\/\/piscinassantfeliu.com\/en\/producte\/eliminadir-fosfatos\/\",\"name\":\"Eliminadir fosfatos - Piscines Sant Feliu\",\"isPartOf\":{\"@id\":\"https:\/\/piscinassantfeliu.com\/en\/#website\"},\"primaryImageOfPage\":{\"@id\":\"https:\/\/piscinassantfeliu.com\/en\/producte\/eliminadir-fosfatos\/#primaryimage\"},\"image\":{\"@id\":\"https:\/\/piscinassantfeliu.com\/en\/producte\/eliminadir-fosfatos\/#primaryimage\"},\"thumbnailUrl\":\"https:\/\/piscinassantfeliu.com\/wp-content\/uploads\/2023\/06\/202076.jpg\",\"datePublished\":\"2023-09-20T09:55:28+00:00\",\"dateModified\":\"2023-09-20T09:55:30+00:00\",\"breadcrumb\":{\"@id\":\"https:\/\/piscinassantfeliu.com\/en\/producte\/eliminadir-fosfatos\/#breadcrumb\"},\"inLanguage\":\"en-US\",\"potentialAction\":[{\"@type\":\"ReadAction\",\"target\":[\"https:\/\/piscinassantfeliu.com\/en\/producte\/eliminadir-fosfatos\/\"]}]},{\"@type\":\"ImageObject\",\"inLanguage\":\"en-US\",\"@id\":\"https:\/\/piscinassantfeliu.com\/en\/producte\/eliminadir-fosfatos\/#primaryimage\",\"url\":\"https:\/\/piscinassantfeliu.com\/wp-content\/uploads\/2023\/06\/202076.jpg\",\"contentUrl\":\"https:\/\/piscinassantfeliu.com\/wp-content\/uploads\/2023\/06\/202076.jpg\",\"width\":1280,\"height\":1280},{\"@type\":\"BreadcrumbList\",\"@id\":\"https:\/\/piscinassantfeliu.com\/en\/producte\/eliminadir-fosfatos\/#breadcrumb\",\"itemListElement\":[{\"@type\":\"ListItem\",\"position\":1,\"name\":\"Portada\",\"item\":\"https:\/\/piscinassantfeliu.com\/en\/home\/\"},{\"@type\":\"ListItem\",\"position\":2,\"name\":\"Botiga\",\"item\":\"https:\/\/piscinassantfeliu.com\/botiga\/\"},{\"@type\":\"ListItem\",\"position\":3,\"name\":\"Eliminadir fosfatos\"}]},{\"@type\":\"WebSite\",\"@id\":\"https:\/\/piscinassantfeliu.com\/en\/#website\",\"url\":\"https:\/\/piscinassantfeliu.com\/en\/\",\"name\":\"Piscines Sant Feliu\",\"description\":\"Ens encarreguem del proc\u00e9s de construcci\u00f3 de cada piscina al complet. Ens agrada apostar pel disseny i els grans acabats.\",\"potentialAction\":[{\"@type\":\"SearchAction\",\"target\":{\"@type\":\"EntryPoint\",\"urlTemplate\":\"https:\/\/piscinassantfeliu.com\/en\/?s={search_term_string}\"},\"query-input\":{\"@type\":\"PropertyValueSpecification\",\"valueRequired\":true,\"valueName\":\"search_term_string\"}}],\"inLanguage\":\"en-US\"}]}<\/script>\n<!-- \/ Yoast SEO plugin. -->","yoast_head_json":{"title":"Eliminadir fosfatos - Piscines Sant Feliu","robots":{"index":"index","follow":"follow","max-snippet":"max-snippet:-1","max-image-preview":"max-image-preview:large","max-video-preview":"max-video-preview:-1"},"canonical":"https:\/\/piscinassantfeliu.com\/en\/producte\/eliminadir-fosfatos\/","og_locale":"en_US","og_type":"article","og_title":"Eliminadir fosfatos - Piscines Sant Feliu","og_description":"Elimina fosfatos MAXI, facilita el mantenimiento de la piscina.\u00a0Los fosfatos se generan en mayor cantidad en piscinas tratadas con Cloradores Salinos o equipos de ox\u00edgeno activado, por ello recomendamos analizar su concentraci\u00f3n al inicio de la temporada con kit de fosfatos y si hay presencia (m\u00e1s de 100 ppb), aplicar un tratamiento de ANTI-FOSFATOS.\u00a0Facilitar\u00e1 el mantenimiento de la piscina.\u00a0Recomendado para mantenimiento con concentraciones de hasta 500 ppb.\u00a0Dosis inicial (=500 ppb): 0,6 L\/100 m3.","og_url":"https:\/\/piscinassantfeliu.com\/en\/producte\/eliminadir-fosfatos\/","og_site_name":"Piscines Sant Feliu","article_modified_time":"2023-09-20T09:55:30+00:00","og_image":[{"width":1280,"height":1280,"url":"https:\/\/piscinassantfeliu.com\/wp-content\/uploads\/2023\/06\/202076.jpg","type":"image\/jpeg"}],"twitter_card":"summary_large_image","schema":{"@context":"https:\/\/schema.org","@graph":[{"@type":"WebPage","@id":"https:\/\/piscinassantfeliu.com\/en\/producte\/eliminadir-fosfatos\/","url":"https:\/\/piscinassantfeliu.com\/en\/producte\/eliminadir-fosfatos\/","name":"Eliminadir fosfatos - Piscines Sant Feliu","isPartOf":{"@id":"https:\/\/piscinassantfeliu.com\/en\/#website"},"primaryImageOfPage":{"@id":"https:\/\/piscinassantfeliu.com\/en\/producte\/eliminadir-fosfatos\/#primaryimage"},"image":{"@id":"https:\/\/piscinassantfeliu.com\/en\/producte\/eliminadir-fosfatos\/#primaryimage"},"thumbnailUrl":"https:\/\/piscinassantfeliu.com\/wp-content\/uploads\/2023\/06\/202076.jpg","datePublished":"2023-09-20T09:55:28+00:00","dateModified":"2023-09-20T09:55:30+00:00","breadcrumb":{"@id":"https:\/\/piscinassantfeliu.com\/en\/producte\/eliminadir-fosfatos\/#breadcrumb"},"inLanguage":"en-US","potentialAction":[{"@type":"ReadAction","target":["https:\/\/piscinassantfeliu.com\/en\/producte\/eliminadir-fosfatos\/"]}]},{"@type":"ImageObject","inLanguage":"en-US","@id":"https:\/\/piscinassantfeliu.com\/en\/producte\/eliminadir-fosfatos\/#primaryimage","url":"https:\/\/piscinassantfeliu.com\/wp-content\/uploads\/2023\/06\/202076.jpg","contentUrl":"https:\/\/piscinassantfeliu.com\/wp-content\/uploads\/2023\/06\/202076.jpg","width":1280,"height":1280},{"@type":"BreadcrumbList","@id":"https:\/\/piscinassantfeliu.com\/en\/producte\/eliminadir-fosfatos\/#breadcrumb","itemListElement":[{"@type":"ListItem","position":1,"name":"Portada","item":"https:\/\/piscinassantfeliu.com\/en\/home\/"},{"@type":"ListItem","position":2,"name":"Botiga","item":"https:\/\/piscinassantfeliu.com\/botiga\/"},{"@type":"ListItem","position":3,"name":"Eliminadir fosfatos"}]},{"@type":"WebSite","@id":"https:\/\/piscinassantfeliu.com\/en\/#website","url":"https:\/\/piscinassantfeliu.com\/en\/","name":"Piscines Sant Feliu","description":"Ens encarreguem del proc\u00e9s de construcci\u00f3 de cada piscina al complet. Ens agrada apostar pel disseny i els grans acabats.","potentialAction":[{"@type":"SearchAction","target":{"@type":"EntryPoint","urlTemplate":"https:\/\/piscinassantfeliu.com\/en\/?s={search_term_string}"},"query-input":{"@type":"PropertyValueSpecification","valueRequired":true,"valueName":"search_term_string"}}],"inLanguage":"en-US"}]}},"_links":{"self":[{"href":"https:\/\/piscinassantfeliu.com\/en\/wp-json\/wp\/v2\/product\/3056","targetHints":{"allow":["GET"]}}],"collection":[{"href":"https:\/\/piscinassantfeliu.com\/en\/wp-json\/wp\/v2\/product"}],"about":[{"href":"https:\/\/piscinassantfeliu.com\/en\/wp-json\/wp\/v2\/types\/product"}],"replies":[{"embeddable":true,"href":"https:\/\/piscinassantfeliu.com\/en\/wp-json\/wp\/v2\/comments?post=3056"}],"wp:featuredmedia":[{"embeddable":true,"href":"https:\/\/piscinassantfeliu.com\/en\/wp-json\/wp\/v2\/media\/1230"}],"wp:attachment":[{"href":"https:\/\/piscinassantfeliu.com\/en\/wp-json\/wp\/v2\/media?parent=3056"}],"wp:term":[{"taxonomy":"product_brand","embeddable":true,"href":"https:\/\/piscinassantfeliu.com\/en\/wp-json\/wp\/v2\/product_brand?post=3056"},{"taxonomy":"product_cat","embeddable":true,"href":"https:\/\/piscinassantfeliu.com\/en\/wp-json\/wp\/v2\/product_cat?post=3056"},{"taxonomy":"product_tag","embeddable":true,"href":"https:\/\/piscinassantfeliu.com\/en\/wp-json\/wp\/v2\/product_tag?post=3056"}],"curies":[{"name":"wp","href":"https:\/\/api.w.org\/{rel}","templated":true}]}}