{"id":3112,"date":"2023-09-20T09:55:38","date_gmt":"2023-09-20T09:55:38","guid":{"rendered":"https:\/\/piscinassantfeliu.com\/producte\/reductor-de-ph\/"},"modified":"2023-09-20T09:55:40","modified_gmt":"2023-09-20T09:55:40","slug":"reductor-de-ph","status":"publish","type":"product","link":"https:\/\/piscinassantfeliu.com\/en\/producte\/reductor-de-ph\/","title":{"rendered":"REDUCTOR DE PH"},"content":{"rendered":"","protected":false},"excerpt":{"rendered":"<p>REDUCTOR DE PH l\u00edquido para bajar el pH del agua de la piscina. Sistemas de dosificaci\u00f3n: A\u00f1adir al dep\u00f3sito de la bomba dosificadora y dejar funcionar permanentemente para mantener el pH en sus valores ideales, desde 7,2 a 7,6. Dosificaci\u00f3n manual: A\u00f1adir de 675 ml a 2 l por cada 50 m\u00b3 de volumen de agua seg\u00fan la demanda de acidez que tenga. Con la depuradora en marcha verter con cuidado las dosis prescritas en un cubo de agua y repartirlo por todo el per\u00edmetro de la piscina, cuidando de no manchar los bordes<\/p>\n","protected":false},"featured_media":1160,"comment_status":"closed","ping_status":"open","template":"","meta":[],"product_brand":[],"product_cat":[31],"product_tag":[],"class_list":{"0":"post-3112","1":"product","2":"type-product","3":"status-publish","4":"has-post-thumbnail","6":"product_cat-producte-quimic","8":"first","9":"instock","10":"purchasable","11":"product-type-simple"},"yoast_head":"<!-- This site is optimized with the Yoast SEO plugin v25.5 - https:\/\/yoast.com\/wordpress\/plugins\/seo\/ -->\n<title>REDUCTOR DE PH - Piscines Sant Feliu<\/title>\n<meta name=\"robots\" content=\"index, follow, max-snippet:-1, max-image-preview:large, max-video-preview:-1\" \/>\n<link rel=\"canonical\" href=\"https:\/\/piscinassantfeliu.com\/en\/producte\/reductor-de-ph\/\" \/>\n<meta property=\"og:locale\" content=\"en_US\" \/>\n<meta property=\"og:type\" content=\"article\" \/>\n<meta property=\"og:title\" content=\"REDUCTOR DE PH - Piscines Sant Feliu\" \/>\n<meta property=\"og:description\" content=\"REDUCTOR DE PH l\u00edquido para bajar el pH del agua de la piscina. Sistemas de dosificaci\u00f3n: A\u00f1adir al dep\u00f3sito de la bomba dosificadora y dejar funcionar permanentemente para mantener el pH en sus valores ideales, desde 7,2 a 7,6. Dosificaci\u00f3n manual: A\u00f1adir de 675 ml a 2 l por cada 50 m\u00b3 de volumen de agua seg\u00fan la demanda de acidez que tenga. Con la depuradora en marcha verter con cuidado las dosis prescritas en un cubo de agua y repartirlo por todo el per\u00edmetro de la piscina, cuidando de no manchar los bordes\" \/>\n<meta property=\"og:url\" content=\"https:\/\/piscinassantfeliu.com\/en\/producte\/reductor-de-ph\/\" \/>\n<meta property=\"og:site_name\" content=\"Piscines Sant Feliu\" \/>\n<meta property=\"article:modified_time\" content=\"2023-09-20T09:55:40+00:00\" \/>\n<meta property=\"og:image\" content=\"https:\/\/piscinassantfeliu.com\/wp-content\/uploads\/2023\/06\/25310416.jpg\" \/>\n\t<meta property=\"og:image:width\" content=\"800\" \/>\n\t<meta property=\"og:image:height\" content=\"600\" \/>\n\t<meta property=\"og:image:type\" content=\"image\/jpeg\" \/>\n<meta name=\"twitter:card\" content=\"summary_large_image\" \/>\n<script type=\"application\/ld+json\" class=\"yoast-schema-graph\">{\"@context\":\"https:\/\/schema.org\",\"@graph\":[{\"@type\":\"WebPage\",\"@id\":\"https:\/\/piscinassantfeliu.com\/en\/producte\/reductor-de-ph\/\",\"url\":\"https:\/\/piscinassantfeliu.com\/en\/producte\/reductor-de-ph\/\",\"name\":\"REDUCTOR DE PH - Piscines Sant Feliu\",\"isPartOf\":{\"@id\":\"https:\/\/piscinassantfeliu.com\/en\/#website\"},\"primaryImageOfPage\":{\"@id\":\"https:\/\/piscinassantfeliu.com\/en\/producte\/reductor-de-ph\/#primaryimage\"},\"image\":{\"@id\":\"https:\/\/piscinassantfeliu.com\/en\/producte\/reductor-de-ph\/#primaryimage\"},\"thumbnailUrl\":\"https:\/\/piscinassantfeliu.com\/wp-content\/uploads\/2023\/06\/25310416.jpg\",\"datePublished\":\"2023-09-20T09:55:38+00:00\",\"dateModified\":\"2023-09-20T09:55:40+00:00\",\"breadcrumb\":{\"@id\":\"https:\/\/piscinassantfeliu.com\/en\/producte\/reductor-de-ph\/#breadcrumb\"},\"inLanguage\":\"en-US\",\"potentialAction\":[{\"@type\":\"ReadAction\",\"target\":[\"https:\/\/piscinassantfeliu.com\/en\/producte\/reductor-de-ph\/\"]}]},{\"@type\":\"ImageObject\",\"inLanguage\":\"en-US\",\"@id\":\"https:\/\/piscinassantfeliu.com\/en\/producte\/reductor-de-ph\/#primaryimage\",\"url\":\"https:\/\/piscinassantfeliu.com\/wp-content\/uploads\/2023\/06\/25310416.jpg\",\"contentUrl\":\"https:\/\/piscinassantfeliu.com\/wp-content\/uploads\/2023\/06\/25310416.jpg\",\"width\":800,\"height\":600},{\"@type\":\"BreadcrumbList\",\"@id\":\"https:\/\/piscinassantfeliu.com\/en\/producte\/reductor-de-ph\/#breadcrumb\",\"itemListElement\":[{\"@type\":\"ListItem\",\"position\":1,\"name\":\"Portada\",\"item\":\"https:\/\/piscinassantfeliu.com\/en\/home\/\"},{\"@type\":\"ListItem\",\"position\":2,\"name\":\"Botiga\",\"item\":\"https:\/\/piscinassantfeliu.com\/botiga\/\"},{\"@type\":\"ListItem\",\"position\":3,\"name\":\"REDUCTOR DE PH\"}]},{\"@type\":\"WebSite\",\"@id\":\"https:\/\/piscinassantfeliu.com\/en\/#website\",\"url\":\"https:\/\/piscinassantfeliu.com\/en\/\",\"name\":\"Piscines Sant Feliu\",\"description\":\"Ens encarreguem del proc\u00e9s de construcci\u00f3 de cada piscina al complet. Ens agrada apostar pel disseny i els grans acabats.\",\"potentialAction\":[{\"@type\":\"SearchAction\",\"target\":{\"@type\":\"EntryPoint\",\"urlTemplate\":\"https:\/\/piscinassantfeliu.com\/en\/?s={search_term_string}\"},\"query-input\":{\"@type\":\"PropertyValueSpecification\",\"valueRequired\":true,\"valueName\":\"search_term_string\"}}],\"inLanguage\":\"en-US\"}]}<\/script>\n<!-- \/ Yoast SEO plugin. -->","yoast_head_json":{"title":"REDUCTOR DE PH - Piscines Sant Feliu","robots":{"index":"index","follow":"follow","max-snippet":"max-snippet:-1","max-image-preview":"max-image-preview:large","max-video-preview":"max-video-preview:-1"},"canonical":"https:\/\/piscinassantfeliu.com\/en\/producte\/reductor-de-ph\/","og_locale":"en_US","og_type":"article","og_title":"REDUCTOR DE PH - Piscines Sant Feliu","og_description":"REDUCTOR DE PH l\u00edquido para bajar el pH del agua de la piscina. Sistemas de dosificaci\u00f3n: A\u00f1adir al dep\u00f3sito de la bomba dosificadora y dejar funcionar permanentemente para mantener el pH en sus valores ideales, desde 7,2 a 7,6. Dosificaci\u00f3n manual: A\u00f1adir de 675 ml a 2 l por cada 50 m\u00b3 de volumen de agua seg\u00fan la demanda de acidez que tenga. Con la depuradora en marcha verter con cuidado las dosis prescritas en un cubo de agua y repartirlo por todo el per\u00edmetro de la piscina, cuidando de no manchar los bordes","og_url":"https:\/\/piscinassantfeliu.com\/en\/producte\/reductor-de-ph\/","og_site_name":"Piscines Sant Feliu","article_modified_time":"2023-09-20T09:55:40+00:00","og_image":[{"width":800,"height":600,"url":"https:\/\/piscinassantfeliu.com\/wp-content\/uploads\/2023\/06\/25310416.jpg","type":"image\/jpeg"}],"twitter_card":"summary_large_image","schema":{"@context":"https:\/\/schema.org","@graph":[{"@type":"WebPage","@id":"https:\/\/piscinassantfeliu.com\/en\/producte\/reductor-de-ph\/","url":"https:\/\/piscinassantfeliu.com\/en\/producte\/reductor-de-ph\/","name":"REDUCTOR DE PH - Piscines Sant Feliu","isPartOf":{"@id":"https:\/\/piscinassantfeliu.com\/en\/#website"},"primaryImageOfPage":{"@id":"https:\/\/piscinassantfeliu.com\/en\/producte\/reductor-de-ph\/#primaryimage"},"image":{"@id":"https:\/\/piscinassantfeliu.com\/en\/producte\/reductor-de-ph\/#primaryimage"},"thumbnailUrl":"https:\/\/piscinassantfeliu.com\/wp-content\/uploads\/2023\/06\/25310416.jpg","datePublished":"2023-09-20T09:55:38+00:00","dateModified":"2023-09-20T09:55:40+00:00","breadcrumb":{"@id":"https:\/\/piscinassantfeliu.com\/en\/producte\/reductor-de-ph\/#breadcrumb"},"inLanguage":"en-US","potentialAction":[{"@type":"ReadAction","target":["https:\/\/piscinassantfeliu.com\/en\/producte\/reductor-de-ph\/"]}]},{"@type":"ImageObject","inLanguage":"en-US","@id":"https:\/\/piscinassantfeliu.com\/en\/producte\/reductor-de-ph\/#primaryimage","url":"https:\/\/piscinassantfeliu.com\/wp-content\/uploads\/2023\/06\/25310416.jpg","contentUrl":"https:\/\/piscinassantfeliu.com\/wp-content\/uploads\/2023\/06\/25310416.jpg","width":800,"height":600},{"@type":"BreadcrumbList","@id":"https:\/\/piscinassantfeliu.com\/en\/producte\/reductor-de-ph\/#breadcrumb","itemListElement":[{"@type":"ListItem","position":1,"name":"Portada","item":"https:\/\/piscinassantfeliu.com\/en\/home\/"},{"@type":"ListItem","position":2,"name":"Botiga","item":"https:\/\/piscinassantfeliu.com\/botiga\/"},{"@type":"ListItem","position":3,"name":"REDUCTOR DE PH"}]},{"@type":"WebSite","@id":"https:\/\/piscinassantfeliu.com\/en\/#website","url":"https:\/\/piscinassantfeliu.com\/en\/","name":"Piscines Sant Feliu","description":"Ens encarreguem del proc\u00e9s de construcci\u00f3 de cada piscina al complet. Ens agrada apostar pel disseny i els grans acabats.","potentialAction":[{"@type":"SearchAction","target":{"@type":"EntryPoint","urlTemplate":"https:\/\/piscinassantfeliu.com\/en\/?s={search_term_string}"},"query-input":{"@type":"PropertyValueSpecification","valueRequired":true,"valueName":"search_term_string"}}],"inLanguage":"en-US"}]}},"_links":{"self":[{"href":"https:\/\/piscinassantfeliu.com\/en\/wp-json\/wp\/v2\/product\/3112","targetHints":{"allow":["GET"]}}],"collection":[{"href":"https:\/\/piscinassantfeliu.com\/en\/wp-json\/wp\/v2\/product"}],"about":[{"href":"https:\/\/piscinassantfeliu.com\/en\/wp-json\/wp\/v2\/types\/product"}],"replies":[{"embeddable":true,"href":"https:\/\/piscinassantfeliu.com\/en\/wp-json\/wp\/v2\/comments?post=3112"}],"wp:featuredmedia":[{"embeddable":true,"href":"https:\/\/piscinassantfeliu.com\/en\/wp-json\/wp\/v2\/media\/1160"}],"wp:attachment":[{"href":"https:\/\/piscinassantfeliu.com\/en\/wp-json\/wp\/v2\/media?parent=3112"}],"wp:term":[{"taxonomy":"product_brand","embeddable":true,"href":"https:\/\/piscinassantfeliu.com\/en\/wp-json\/wp\/v2\/product_brand?post=3112"},{"taxonomy":"product_cat","embeddable":true,"href":"https:\/\/piscinassantfeliu.com\/en\/wp-json\/wp\/v2\/product_cat?post=3112"},{"taxonomy":"product_tag","embeddable":true,"href":"https:\/\/piscinassantfeliu.com\/en\/wp-json\/wp\/v2\/product_tag?post=3112"}],"curies":[{"name":"wp","href":"https:\/\/api.w.org\/{rel}","templated":true}]}}