{"id":3121,"date":"2023-09-20T09:55:41","date_gmt":"2023-09-20T09:55:41","guid":{"rendered":"https:\/\/piscinassantfeliu.com\/producte\/robot-tornax-pro\/"},"modified":"2023-09-20T09:55:42","modified_gmt":"2023-09-20T09:55:42","slug":"robot-tornax-pro","status":"publish","type":"product","link":"https:\/\/piscinassantfeliu.com\/en\/producte\/robot-tornax-pro\/","title":{"rendered":"ROBOT TORNAX PRO"},"content":{"rendered":"","protected":false},"excerpt":{"rendered":"<p>ROBOT TORNAX PRO La eficacia con total simplicidad. Limpieza eficaz del fondo de la piscina. Ligero para una f\u00e1cil manipulaci\u00f3n. Filtro de f\u00e1cil limpieza de residuos finos 100up. Unidad de control. Soporte para la unidad de control. Para piscinas enterradas privadas y elevadas con paredes rigidas de hasta 8 x 4 m. Fondo plano, pendiente suave. Revestimiento Liner, casco de poliester, PVC armado, hormig\u00f3n pintado y Gressite. 1 ciclo de 2h30&#8217;WR000128<\/p>\n","protected":false},"featured_media":1081,"comment_status":"closed","ping_status":"open","template":"","meta":[],"product_brand":[],"product_cat":[32],"product_tag":[],"class_list":{"0":"post-3121","1":"product","2":"type-product","3":"status-publish","4":"has-post-thumbnail","6":"product_cat-netejafons","8":"first","9":"instock","10":"purchasable","11":"product-type-simple"},"yoast_head":"<!-- This site is optimized with the Yoast SEO plugin v25.5 - https:\/\/yoast.com\/wordpress\/plugins\/seo\/ -->\n<title>ROBOT TORNAX PRO - Piscines Sant Feliu<\/title>\n<meta name=\"robots\" content=\"index, follow, max-snippet:-1, max-image-preview:large, max-video-preview:-1\" \/>\n<link rel=\"canonical\" href=\"https:\/\/piscinassantfeliu.com\/en\/producte\/robot-tornax-pro\/\" \/>\n<meta property=\"og:locale\" content=\"en_US\" \/>\n<meta property=\"og:type\" content=\"article\" \/>\n<meta property=\"og:title\" content=\"ROBOT TORNAX PRO - Piscines Sant Feliu\" \/>\n<meta property=\"og:description\" content=\"ROBOT TORNAX PRO La eficacia con total simplicidad. Limpieza eficaz del fondo de la piscina. Ligero para una f\u00e1cil manipulaci\u00f3n. Filtro de f\u00e1cil limpieza de residuos finos 100up. Unidad de control. Soporte para la unidad de control. Para piscinas enterradas privadas y elevadas con paredes rigidas de hasta 8 x 4 m. Fondo plano, pendiente suave. Revestimiento Liner, casco de poliester, PVC armado, hormig\u00f3n pintado y Gressite. 1 ciclo de 2h30&#039;WR000128\" \/>\n<meta property=\"og:url\" content=\"https:\/\/piscinassantfeliu.com\/en\/producte\/robot-tornax-pro\/\" \/>\n<meta property=\"og:site_name\" content=\"Piscines Sant Feliu\" \/>\n<meta property=\"article:modified_time\" content=\"2023-09-20T09:55:42+00:00\" \/>\n<meta property=\"og:image\" content=\"https:\/\/piscinassantfeliu.com\/wp-content\/uploads\/2023\/06\/RT-2100-T.jpg\" \/>\n\t<meta property=\"og:image:width\" content=\"500\" \/>\n\t<meta property=\"og:image:height\" content=\"500\" \/>\n\t<meta property=\"og:image:type\" content=\"image\/jpeg\" \/>\n<meta name=\"twitter:card\" content=\"summary_large_image\" \/>\n<script type=\"application\/ld+json\" class=\"yoast-schema-graph\">{\"@context\":\"https:\/\/schema.org\",\"@graph\":[{\"@type\":\"WebPage\",\"@id\":\"https:\/\/piscinassantfeliu.com\/en\/producte\/robot-tornax-pro\/\",\"url\":\"https:\/\/piscinassantfeliu.com\/en\/producte\/robot-tornax-pro\/\",\"name\":\"ROBOT TORNAX PRO - Piscines Sant Feliu\",\"isPartOf\":{\"@id\":\"https:\/\/piscinassantfeliu.com\/en\/#website\"},\"primaryImageOfPage\":{\"@id\":\"https:\/\/piscinassantfeliu.com\/en\/producte\/robot-tornax-pro\/#primaryimage\"},\"image\":{\"@id\":\"https:\/\/piscinassantfeliu.com\/en\/producte\/robot-tornax-pro\/#primaryimage\"},\"thumbnailUrl\":\"https:\/\/piscinassantfeliu.com\/wp-content\/uploads\/2023\/06\/RT-2100-T.jpg\",\"datePublished\":\"2023-09-20T09:55:41+00:00\",\"dateModified\":\"2023-09-20T09:55:42+00:00\",\"breadcrumb\":{\"@id\":\"https:\/\/piscinassantfeliu.com\/en\/producte\/robot-tornax-pro\/#breadcrumb\"},\"inLanguage\":\"en-US\",\"potentialAction\":[{\"@type\":\"ReadAction\",\"target\":[\"https:\/\/piscinassantfeliu.com\/en\/producte\/robot-tornax-pro\/\"]}]},{\"@type\":\"ImageObject\",\"inLanguage\":\"en-US\",\"@id\":\"https:\/\/piscinassantfeliu.com\/en\/producte\/robot-tornax-pro\/#primaryimage\",\"url\":\"https:\/\/piscinassantfeliu.com\/wp-content\/uploads\/2023\/06\/RT-2100-T.jpg\",\"contentUrl\":\"https:\/\/piscinassantfeliu.com\/wp-content\/uploads\/2023\/06\/RT-2100-T.jpg\",\"width\":500,\"height\":500},{\"@type\":\"BreadcrumbList\",\"@id\":\"https:\/\/piscinassantfeliu.com\/en\/producte\/robot-tornax-pro\/#breadcrumb\",\"itemListElement\":[{\"@type\":\"ListItem\",\"position\":1,\"name\":\"Portada\",\"item\":\"https:\/\/piscinassantfeliu.com\/en\/home\/\"},{\"@type\":\"ListItem\",\"position\":2,\"name\":\"Botiga\",\"item\":\"https:\/\/piscinassantfeliu.com\/botiga\/\"},{\"@type\":\"ListItem\",\"position\":3,\"name\":\"ROBOT TORNAX PRO\"}]},{\"@type\":\"WebSite\",\"@id\":\"https:\/\/piscinassantfeliu.com\/en\/#website\",\"url\":\"https:\/\/piscinassantfeliu.com\/en\/\",\"name\":\"Piscines Sant Feliu\",\"description\":\"Ens encarreguem del proc\u00e9s de construcci\u00f3 de cada piscina al complet. Ens agrada apostar pel disseny i els grans acabats.\",\"potentialAction\":[{\"@type\":\"SearchAction\",\"target\":{\"@type\":\"EntryPoint\",\"urlTemplate\":\"https:\/\/piscinassantfeliu.com\/en\/?s={search_term_string}\"},\"query-input\":{\"@type\":\"PropertyValueSpecification\",\"valueRequired\":true,\"valueName\":\"search_term_string\"}}],\"inLanguage\":\"en-US\"}]}<\/script>\n<!-- \/ Yoast SEO plugin. -->","yoast_head_json":{"title":"ROBOT TORNAX PRO - Piscines Sant Feliu","robots":{"index":"index","follow":"follow","max-snippet":"max-snippet:-1","max-image-preview":"max-image-preview:large","max-video-preview":"max-video-preview:-1"},"canonical":"https:\/\/piscinassantfeliu.com\/en\/producte\/robot-tornax-pro\/","og_locale":"en_US","og_type":"article","og_title":"ROBOT TORNAX PRO - Piscines Sant Feliu","og_description":"ROBOT TORNAX PRO La eficacia con total simplicidad. Limpieza eficaz del fondo de la piscina. Ligero para una f\u00e1cil manipulaci\u00f3n. Filtro de f\u00e1cil limpieza de residuos finos 100up. Unidad de control. Soporte para la unidad de control. Para piscinas enterradas privadas y elevadas con paredes rigidas de hasta 8 x 4 m. Fondo plano, pendiente suave. Revestimiento Liner, casco de poliester, PVC armado, hormig\u00f3n pintado y Gressite. 1 ciclo de 2h30'WR000128","og_url":"https:\/\/piscinassantfeliu.com\/en\/producte\/robot-tornax-pro\/","og_site_name":"Piscines Sant Feliu","article_modified_time":"2023-09-20T09:55:42+00:00","og_image":[{"width":500,"height":500,"url":"https:\/\/piscinassantfeliu.com\/wp-content\/uploads\/2023\/06\/RT-2100-T.jpg","type":"image\/jpeg"}],"twitter_card":"summary_large_image","schema":{"@context":"https:\/\/schema.org","@graph":[{"@type":"WebPage","@id":"https:\/\/piscinassantfeliu.com\/en\/producte\/robot-tornax-pro\/","url":"https:\/\/piscinassantfeliu.com\/en\/producte\/robot-tornax-pro\/","name":"ROBOT TORNAX PRO - Piscines Sant Feliu","isPartOf":{"@id":"https:\/\/piscinassantfeliu.com\/en\/#website"},"primaryImageOfPage":{"@id":"https:\/\/piscinassantfeliu.com\/en\/producte\/robot-tornax-pro\/#primaryimage"},"image":{"@id":"https:\/\/piscinassantfeliu.com\/en\/producte\/robot-tornax-pro\/#primaryimage"},"thumbnailUrl":"https:\/\/piscinassantfeliu.com\/wp-content\/uploads\/2023\/06\/RT-2100-T.jpg","datePublished":"2023-09-20T09:55:41+00:00","dateModified":"2023-09-20T09:55:42+00:00","breadcrumb":{"@id":"https:\/\/piscinassantfeliu.com\/en\/producte\/robot-tornax-pro\/#breadcrumb"},"inLanguage":"en-US","potentialAction":[{"@type":"ReadAction","target":["https:\/\/piscinassantfeliu.com\/en\/producte\/robot-tornax-pro\/"]}]},{"@type":"ImageObject","inLanguage":"en-US","@id":"https:\/\/piscinassantfeliu.com\/en\/producte\/robot-tornax-pro\/#primaryimage","url":"https:\/\/piscinassantfeliu.com\/wp-content\/uploads\/2023\/06\/RT-2100-T.jpg","contentUrl":"https:\/\/piscinassantfeliu.com\/wp-content\/uploads\/2023\/06\/RT-2100-T.jpg","width":500,"height":500},{"@type":"BreadcrumbList","@id":"https:\/\/piscinassantfeliu.com\/en\/producte\/robot-tornax-pro\/#breadcrumb","itemListElement":[{"@type":"ListItem","position":1,"name":"Portada","item":"https:\/\/piscinassantfeliu.com\/en\/home\/"},{"@type":"ListItem","position":2,"name":"Botiga","item":"https:\/\/piscinassantfeliu.com\/botiga\/"},{"@type":"ListItem","position":3,"name":"ROBOT TORNAX PRO"}]},{"@type":"WebSite","@id":"https:\/\/piscinassantfeliu.com\/en\/#website","url":"https:\/\/piscinassantfeliu.com\/en\/","name":"Piscines Sant Feliu","description":"Ens encarreguem del proc\u00e9s de construcci\u00f3 de cada piscina al complet. Ens agrada apostar pel disseny i els grans acabats.","potentialAction":[{"@type":"SearchAction","target":{"@type":"EntryPoint","urlTemplate":"https:\/\/piscinassantfeliu.com\/en\/?s={search_term_string}"},"query-input":{"@type":"PropertyValueSpecification","valueRequired":true,"valueName":"search_term_string"}}],"inLanguage":"en-US"}]}},"_links":{"self":[{"href":"https:\/\/piscinassantfeliu.com\/en\/wp-json\/wp\/v2\/product\/3121","targetHints":{"allow":["GET"]}}],"collection":[{"href":"https:\/\/piscinassantfeliu.com\/en\/wp-json\/wp\/v2\/product"}],"about":[{"href":"https:\/\/piscinassantfeliu.com\/en\/wp-json\/wp\/v2\/types\/product"}],"replies":[{"embeddable":true,"href":"https:\/\/piscinassantfeliu.com\/en\/wp-json\/wp\/v2\/comments?post=3121"}],"wp:featuredmedia":[{"embeddable":true,"href":"https:\/\/piscinassantfeliu.com\/en\/wp-json\/wp\/v2\/media\/1081"}],"wp:attachment":[{"href":"https:\/\/piscinassantfeliu.com\/en\/wp-json\/wp\/v2\/media?parent=3121"}],"wp:term":[{"taxonomy":"product_brand","embeddable":true,"href":"https:\/\/piscinassantfeliu.com\/en\/wp-json\/wp\/v2\/product_brand?post=3121"},{"taxonomy":"product_cat","embeddable":true,"href":"https:\/\/piscinassantfeliu.com\/en\/wp-json\/wp\/v2\/product_cat?post=3121"},{"taxonomy":"product_tag","embeddable":true,"href":"https:\/\/piscinassantfeliu.com\/en\/wp-json\/wp\/v2\/product_tag?post=3121"}],"curies":[{"name":"wp","href":"https:\/\/api.w.org\/{rel}","templated":true}]}}