{"id":3124,"date":"2023-09-20T09:55:41","date_gmt":"2023-09-20T09:55:41","guid":{"rendered":"https:\/\/piscinassantfeliu.com\/producte\/secuestrante-cobre\/"},"modified":"2023-09-20T09:55:42","modified_gmt":"2023-09-20T09:55:42","slug":"secuestrante-cobre","status":"publish","type":"product","link":"https:\/\/piscinassantfeliu.com\/en\/producte\/secuestrante-cobre\/","title":{"rendered":"Secuestrante cobre"},"content":{"rendered":"","protected":false},"excerpt":{"rendered":"<p>Secuestrante especifico de cobre. Evita que este metal provoque manchas de color lila en las juntas y paredes de la piscina, amarillee los ba\u00f1adores de tonos claros y ti\u00f1a de color verde el cabello. Es estable al cloro por lo que su efecto es de larga duraci\u00f3n<\/p>\n","protected":false},"featured_media":1226,"comment_status":"closed","ping_status":"open","template":"","meta":[],"product_brand":[],"product_cat":[31],"product_tag":[],"class_list":{"0":"post-3124","1":"product","2":"type-product","3":"status-publish","4":"has-post-thumbnail","6":"product_cat-producte-quimic","8":"first","9":"instock","10":"purchasable","11":"product-type-simple"},"yoast_head":"<!-- This site is optimized with the Yoast SEO plugin v25.5 - https:\/\/yoast.com\/wordpress\/plugins\/seo\/ -->\n<title>Secuestrante cobre - Piscines Sant Feliu<\/title>\n<meta name=\"robots\" content=\"index, follow, max-snippet:-1, max-image-preview:large, max-video-preview:-1\" \/>\n<link rel=\"canonical\" href=\"https:\/\/piscinassantfeliu.com\/en\/producte\/secuestrante-cobre\/\" \/>\n<meta property=\"og:locale\" content=\"en_US\" \/>\n<meta property=\"og:type\" content=\"article\" \/>\n<meta property=\"og:title\" content=\"Secuestrante cobre - Piscines Sant Feliu\" \/>\n<meta property=\"og:description\" content=\"Secuestrante especifico de cobre. Evita que este metal provoque manchas de color lila en las juntas y paredes de la piscina, amarillee los ba\u00f1adores de tonos claros y ti\u00f1a de color verde el cabello. Es estable al cloro por lo que su efecto es de larga duraci\u00f3n\" \/>\n<meta property=\"og:url\" content=\"https:\/\/piscinassantfeliu.com\/en\/producte\/secuestrante-cobre\/\" \/>\n<meta property=\"og:site_name\" content=\"Piscines Sant Feliu\" \/>\n<meta property=\"article:modified_time\" content=\"2023-09-20T09:55:42+00:00\" \/>\n<meta property=\"og:image\" content=\"https:\/\/piscinassantfeliu.com\/wp-content\/uploads\/2023\/06\/201903.webp\" \/>\n\t<meta property=\"og:image:width\" content=\"1024\" \/>\n\t<meta property=\"og:image:height\" content=\"1024\" \/>\n\t<meta property=\"og:image:type\" content=\"image\/webp\" \/>\n<meta name=\"twitter:card\" content=\"summary_large_image\" \/>\n<script type=\"application\/ld+json\" class=\"yoast-schema-graph\">{\"@context\":\"https:\/\/schema.org\",\"@graph\":[{\"@type\":\"WebPage\",\"@id\":\"https:\/\/piscinassantfeliu.com\/en\/producte\/secuestrante-cobre\/\",\"url\":\"https:\/\/piscinassantfeliu.com\/en\/producte\/secuestrante-cobre\/\",\"name\":\"Secuestrante cobre - Piscines Sant Feliu\",\"isPartOf\":{\"@id\":\"https:\/\/piscinassantfeliu.com\/en\/#website\"},\"primaryImageOfPage\":{\"@id\":\"https:\/\/piscinassantfeliu.com\/en\/producte\/secuestrante-cobre\/#primaryimage\"},\"image\":{\"@id\":\"https:\/\/piscinassantfeliu.com\/en\/producte\/secuestrante-cobre\/#primaryimage\"},\"thumbnailUrl\":\"https:\/\/piscinassantfeliu.com\/wp-content\/uploads\/2023\/06\/201903.webp\",\"datePublished\":\"2023-09-20T09:55:41+00:00\",\"dateModified\":\"2023-09-20T09:55:42+00:00\",\"breadcrumb\":{\"@id\":\"https:\/\/piscinassantfeliu.com\/en\/producte\/secuestrante-cobre\/#breadcrumb\"},\"inLanguage\":\"en-US\",\"potentialAction\":[{\"@type\":\"ReadAction\",\"target\":[\"https:\/\/piscinassantfeliu.com\/en\/producte\/secuestrante-cobre\/\"]}]},{\"@type\":\"ImageObject\",\"inLanguage\":\"en-US\",\"@id\":\"https:\/\/piscinassantfeliu.com\/en\/producte\/secuestrante-cobre\/#primaryimage\",\"url\":\"https:\/\/piscinassantfeliu.com\/wp-content\/uploads\/2023\/06\/201903.webp\",\"contentUrl\":\"https:\/\/piscinassantfeliu.com\/wp-content\/uploads\/2023\/06\/201903.webp\",\"width\":1024,\"height\":1024},{\"@type\":\"BreadcrumbList\",\"@id\":\"https:\/\/piscinassantfeliu.com\/en\/producte\/secuestrante-cobre\/#breadcrumb\",\"itemListElement\":[{\"@type\":\"ListItem\",\"position\":1,\"name\":\"Portada\",\"item\":\"https:\/\/piscinassantfeliu.com\/en\/home\/\"},{\"@type\":\"ListItem\",\"position\":2,\"name\":\"Botiga\",\"item\":\"https:\/\/piscinassantfeliu.com\/botiga\/\"},{\"@type\":\"ListItem\",\"position\":3,\"name\":\"Secuestrante cobre\"}]},{\"@type\":\"WebSite\",\"@id\":\"https:\/\/piscinassantfeliu.com\/en\/#website\",\"url\":\"https:\/\/piscinassantfeliu.com\/en\/\",\"name\":\"Piscines Sant Feliu\",\"description\":\"Ens encarreguem del proc\u00e9s de construcci\u00f3 de cada piscina al complet. Ens agrada apostar pel disseny i els grans acabats.\",\"potentialAction\":[{\"@type\":\"SearchAction\",\"target\":{\"@type\":\"EntryPoint\",\"urlTemplate\":\"https:\/\/piscinassantfeliu.com\/en\/?s={search_term_string}\"},\"query-input\":{\"@type\":\"PropertyValueSpecification\",\"valueRequired\":true,\"valueName\":\"search_term_string\"}}],\"inLanguage\":\"en-US\"}]}<\/script>\n<!-- \/ Yoast SEO plugin. -->","yoast_head_json":{"title":"Secuestrante cobre - Piscines Sant Feliu","robots":{"index":"index","follow":"follow","max-snippet":"max-snippet:-1","max-image-preview":"max-image-preview:large","max-video-preview":"max-video-preview:-1"},"canonical":"https:\/\/piscinassantfeliu.com\/en\/producte\/secuestrante-cobre\/","og_locale":"en_US","og_type":"article","og_title":"Secuestrante cobre - Piscines Sant Feliu","og_description":"Secuestrante especifico de cobre. Evita que este metal provoque manchas de color lila en las juntas y paredes de la piscina, amarillee los ba\u00f1adores de tonos claros y ti\u00f1a de color verde el cabello. Es estable al cloro por lo que su efecto es de larga duraci\u00f3n","og_url":"https:\/\/piscinassantfeliu.com\/en\/producte\/secuestrante-cobre\/","og_site_name":"Piscines Sant Feliu","article_modified_time":"2023-09-20T09:55:42+00:00","og_image":[{"width":1024,"height":1024,"url":"https:\/\/piscinassantfeliu.com\/wp-content\/uploads\/2023\/06\/201903.webp","type":"image\/webp"}],"twitter_card":"summary_large_image","schema":{"@context":"https:\/\/schema.org","@graph":[{"@type":"WebPage","@id":"https:\/\/piscinassantfeliu.com\/en\/producte\/secuestrante-cobre\/","url":"https:\/\/piscinassantfeliu.com\/en\/producte\/secuestrante-cobre\/","name":"Secuestrante cobre - Piscines Sant Feliu","isPartOf":{"@id":"https:\/\/piscinassantfeliu.com\/en\/#website"},"primaryImageOfPage":{"@id":"https:\/\/piscinassantfeliu.com\/en\/producte\/secuestrante-cobre\/#primaryimage"},"image":{"@id":"https:\/\/piscinassantfeliu.com\/en\/producte\/secuestrante-cobre\/#primaryimage"},"thumbnailUrl":"https:\/\/piscinassantfeliu.com\/wp-content\/uploads\/2023\/06\/201903.webp","datePublished":"2023-09-20T09:55:41+00:00","dateModified":"2023-09-20T09:55:42+00:00","breadcrumb":{"@id":"https:\/\/piscinassantfeliu.com\/en\/producte\/secuestrante-cobre\/#breadcrumb"},"inLanguage":"en-US","potentialAction":[{"@type":"ReadAction","target":["https:\/\/piscinassantfeliu.com\/en\/producte\/secuestrante-cobre\/"]}]},{"@type":"ImageObject","inLanguage":"en-US","@id":"https:\/\/piscinassantfeliu.com\/en\/producte\/secuestrante-cobre\/#primaryimage","url":"https:\/\/piscinassantfeliu.com\/wp-content\/uploads\/2023\/06\/201903.webp","contentUrl":"https:\/\/piscinassantfeliu.com\/wp-content\/uploads\/2023\/06\/201903.webp","width":1024,"height":1024},{"@type":"BreadcrumbList","@id":"https:\/\/piscinassantfeliu.com\/en\/producte\/secuestrante-cobre\/#breadcrumb","itemListElement":[{"@type":"ListItem","position":1,"name":"Portada","item":"https:\/\/piscinassantfeliu.com\/en\/home\/"},{"@type":"ListItem","position":2,"name":"Botiga","item":"https:\/\/piscinassantfeliu.com\/botiga\/"},{"@type":"ListItem","position":3,"name":"Secuestrante cobre"}]},{"@type":"WebSite","@id":"https:\/\/piscinassantfeliu.com\/en\/#website","url":"https:\/\/piscinassantfeliu.com\/en\/","name":"Piscines Sant Feliu","description":"Ens encarreguem del proc\u00e9s de construcci\u00f3 de cada piscina al complet. Ens agrada apostar pel disseny i els grans acabats.","potentialAction":[{"@type":"SearchAction","target":{"@type":"EntryPoint","urlTemplate":"https:\/\/piscinassantfeliu.com\/en\/?s={search_term_string}"},"query-input":{"@type":"PropertyValueSpecification","valueRequired":true,"valueName":"search_term_string"}}],"inLanguage":"en-US"}]}},"_links":{"self":[{"href":"https:\/\/piscinassantfeliu.com\/en\/wp-json\/wp\/v2\/product\/3124","targetHints":{"allow":["GET"]}}],"collection":[{"href":"https:\/\/piscinassantfeliu.com\/en\/wp-json\/wp\/v2\/product"}],"about":[{"href":"https:\/\/piscinassantfeliu.com\/en\/wp-json\/wp\/v2\/types\/product"}],"replies":[{"embeddable":true,"href":"https:\/\/piscinassantfeliu.com\/en\/wp-json\/wp\/v2\/comments?post=3124"}],"wp:featuredmedia":[{"embeddable":true,"href":"https:\/\/piscinassantfeliu.com\/en\/wp-json\/wp\/v2\/media\/1226"}],"wp:attachment":[{"href":"https:\/\/piscinassantfeliu.com\/en\/wp-json\/wp\/v2\/media?parent=3124"}],"wp:term":[{"taxonomy":"product_brand","embeddable":true,"href":"https:\/\/piscinassantfeliu.com\/en\/wp-json\/wp\/v2\/product_brand?post=3124"},{"taxonomy":"product_cat","embeddable":true,"href":"https:\/\/piscinassantfeliu.com\/en\/wp-json\/wp\/v2\/product_cat?post=3124"},{"taxonomy":"product_tag","embeddable":true,"href":"https:\/\/piscinassantfeliu.com\/en\/wp-json\/wp\/v2\/product_tag?post=3124"}],"curies":[{"name":"wp","href":"https:\/\/api.w.org\/{rel}","templated":true}]}}