{"id":3038,"date":"2023-09-20T09:55:28","date_gmt":"2023-09-20T09:55:28","guid":{"rendered":"https:\/\/piscinassantfeliu.com\/producte\/clor-4-acciones\/"},"modified":"2023-09-20T09:55:28","modified_gmt":"2023-09-20T09:55:28","slug":"clor-4-acciones","status":"publish","type":"product","link":"https:\/\/piscinassantfeliu.com\/es\/producte\/clor-4-acciones\/","title":{"rendered":"CLOR 4 ACCIONES"},"content":{"rendered":"","protected":false},"excerpt":{"rendered":"<p>CLOR 4 ACCIONES Pastilla 20 g o tableta de 250 g con alto contenido en cloro, disoluci\u00f3n lenta. 4 acciones: Desinfecci\u00f3n, Estabilizador de Cloro, Algicida y Floculante. Simple y pr\u00e1ctico para el mantenimiento de su piscina. DOSIS:nPASTILLAS 20 G: a\u00f1adir 4 pastillas por cada 10 m\u00b3 \/ semana. TABLETA 250 G: a\u00f1adir 1 tableta por cada 30 m\u00b3 \/ semana. Colocar las pastillas\/tabletas en skimmer o clorador flotante, o llenar el dosificador seg\u00fan su capacidad. Mantener nivel de cloro entre 0,6 y 1,5 ppm..<\/p>\n","protected":false},"featured_media":1147,"comment_status":"closed","ping_status":"open","template":"","meta":[],"product_brand":[],"product_cat":[31],"product_tag":[],"class_list":{"0":"post-3038","1":"product","2":"type-product","3":"status-publish","4":"has-post-thumbnail","6":"product_cat-producte-quimic","8":"first","9":"instock","10":"purchasable","11":"product-type-simple"},"yoast_head":"<!-- This site is optimized with the Yoast SEO plugin v25.5 - https:\/\/yoast.com\/wordpress\/plugins\/seo\/ -->\n<title>CLOR 4 ACCIONES - Piscines Sant Feliu<\/title>\n<meta name=\"robots\" content=\"index, follow, max-snippet:-1, max-image-preview:large, max-video-preview:-1\" \/>\n<link rel=\"canonical\" href=\"https:\/\/piscinassantfeliu.com\/es\/producte\/clor-4-acciones\/\" \/>\n<meta property=\"og:locale\" content=\"es_ES\" \/>\n<meta property=\"og:type\" content=\"article\" \/>\n<meta property=\"og:title\" content=\"CLOR 4 ACCIONES - Piscines Sant Feliu\" \/>\n<meta property=\"og:description\" content=\"CLOR 4 ACCIONES Pastilla 20 g o tableta de 250 g con alto contenido en cloro, disoluci\u00f3n lenta. 4 acciones: Desinfecci\u00f3n, Estabilizador de Cloro, Algicida y Floculante. Simple y pr\u00e1ctico para el mantenimiento de su piscina. DOSIS:nPASTILLAS 20 G: a\u00f1adir 4 pastillas por cada 10 m\u00b3 \/ semana. TABLETA 250 G: a\u00f1adir 1 tableta por cada 30 m\u00b3 \/ semana. Colocar las pastillas\/tabletas en skimmer o clorador flotante, o llenar el dosificador seg\u00fan su capacidad. Mantener nivel de cloro entre 0,6 y 1,5 ppm..\" \/>\n<meta property=\"og:url\" content=\"https:\/\/piscinassantfeliu.com\/es\/producte\/clor-4-acciones\/\" \/>\n<meta property=\"og:site_name\" content=\"Piscines Sant Feliu\" \/>\n<meta property=\"og:image\" content=\"https:\/\/piscinassantfeliu.com\/wp-content\/uploads\/2023\/06\/47715.jpg\" \/>\n\t<meta property=\"og:image:width\" content=\"565\" \/>\n\t<meta property=\"og:image:height\" content=\"754\" \/>\n\t<meta property=\"og:image:type\" content=\"image\/jpeg\" \/>\n<meta name=\"twitter:card\" content=\"summary_large_image\" \/>\n<script type=\"application\/ld+json\" class=\"yoast-schema-graph\">{\"@context\":\"https:\/\/schema.org\",\"@graph\":[{\"@type\":\"WebPage\",\"@id\":\"https:\/\/piscinassantfeliu.com\/es\/producte\/clor-4-acciones\/\",\"url\":\"https:\/\/piscinassantfeliu.com\/es\/producte\/clor-4-acciones\/\",\"name\":\"CLOR 4 ACCIONES - Piscines Sant Feliu\",\"isPartOf\":{\"@id\":\"https:\/\/piscinassantfeliu.com\/es\/#website\"},\"primaryImageOfPage\":{\"@id\":\"https:\/\/piscinassantfeliu.com\/es\/producte\/clor-4-acciones\/#primaryimage\"},\"image\":{\"@id\":\"https:\/\/piscinassantfeliu.com\/es\/producte\/clor-4-acciones\/#primaryimage\"},\"thumbnailUrl\":\"https:\/\/piscinassantfeliu.com\/wp-content\/uploads\/2023\/06\/47715.jpg\",\"datePublished\":\"2023-09-20T09:55:28+00:00\",\"breadcrumb\":{\"@id\":\"https:\/\/piscinassantfeliu.com\/es\/producte\/clor-4-acciones\/#breadcrumb\"},\"inLanguage\":\"es\",\"potentialAction\":[{\"@type\":\"ReadAction\",\"target\":[\"https:\/\/piscinassantfeliu.com\/es\/producte\/clor-4-acciones\/\"]}]},{\"@type\":\"ImageObject\",\"inLanguage\":\"es\",\"@id\":\"https:\/\/piscinassantfeliu.com\/es\/producte\/clor-4-acciones\/#primaryimage\",\"url\":\"https:\/\/piscinassantfeliu.com\/wp-content\/uploads\/2023\/06\/47715.jpg\",\"contentUrl\":\"https:\/\/piscinassantfeliu.com\/wp-content\/uploads\/2023\/06\/47715.jpg\",\"width\":565,\"height\":754},{\"@type\":\"BreadcrumbList\",\"@id\":\"https:\/\/piscinassantfeliu.com\/es\/producte\/clor-4-acciones\/#breadcrumb\",\"itemListElement\":[{\"@type\":\"ListItem\",\"position\":1,\"name\":\"Portada\",\"item\":\"https:\/\/piscinassantfeliu.com\/es\/inicio\/\"},{\"@type\":\"ListItem\",\"position\":2,\"name\":\"Botiga\",\"item\":\"https:\/\/piscinassantfeliu.com\/botiga\/\"},{\"@type\":\"ListItem\",\"position\":3,\"name\":\"CLOR 4 ACCIONES\"}]},{\"@type\":\"WebSite\",\"@id\":\"https:\/\/piscinassantfeliu.com\/es\/#website\",\"url\":\"https:\/\/piscinassantfeliu.com\/es\/\",\"name\":\"Piscines Sant Feliu\",\"description\":\"Ens encarreguem del proc\u00e9s de construcci\u00f3 de cada piscina al complet. Ens agrada apostar pel disseny i els grans acabats.\",\"potentialAction\":[{\"@type\":\"SearchAction\",\"target\":{\"@type\":\"EntryPoint\",\"urlTemplate\":\"https:\/\/piscinassantfeliu.com\/es\/?s={search_term_string}\"},\"query-input\":{\"@type\":\"PropertyValueSpecification\",\"valueRequired\":true,\"valueName\":\"search_term_string\"}}],\"inLanguage\":\"es\"}]}<\/script>\n<!-- \/ Yoast SEO plugin. -->","yoast_head_json":{"title":"CLOR 4 ACCIONES - Piscines Sant Feliu","robots":{"index":"index","follow":"follow","max-snippet":"max-snippet:-1","max-image-preview":"max-image-preview:large","max-video-preview":"max-video-preview:-1"},"canonical":"https:\/\/piscinassantfeliu.com\/es\/producte\/clor-4-acciones\/","og_locale":"es_ES","og_type":"article","og_title":"CLOR 4 ACCIONES - Piscines Sant Feliu","og_description":"CLOR 4 ACCIONES Pastilla 20 g o tableta de 250 g con alto contenido en cloro, disoluci\u00f3n lenta. 4 acciones: Desinfecci\u00f3n, Estabilizador de Cloro, Algicida y Floculante. Simple y pr\u00e1ctico para el mantenimiento de su piscina. DOSIS:nPASTILLAS 20 G: a\u00f1adir 4 pastillas por cada 10 m\u00b3 \/ semana. TABLETA 250 G: a\u00f1adir 1 tableta por cada 30 m\u00b3 \/ semana. Colocar las pastillas\/tabletas en skimmer o clorador flotante, o llenar el dosificador seg\u00fan su capacidad. Mantener nivel de cloro entre 0,6 y 1,5 ppm..","og_url":"https:\/\/piscinassantfeliu.com\/es\/producte\/clor-4-acciones\/","og_site_name":"Piscines Sant Feliu","og_image":[{"width":565,"height":754,"url":"https:\/\/piscinassantfeliu.com\/wp-content\/uploads\/2023\/06\/47715.jpg","type":"image\/jpeg"}],"twitter_card":"summary_large_image","schema":{"@context":"https:\/\/schema.org","@graph":[{"@type":"WebPage","@id":"https:\/\/piscinassantfeliu.com\/es\/producte\/clor-4-acciones\/","url":"https:\/\/piscinassantfeliu.com\/es\/producte\/clor-4-acciones\/","name":"CLOR 4 ACCIONES - Piscines Sant Feliu","isPartOf":{"@id":"https:\/\/piscinassantfeliu.com\/es\/#website"},"primaryImageOfPage":{"@id":"https:\/\/piscinassantfeliu.com\/es\/producte\/clor-4-acciones\/#primaryimage"},"image":{"@id":"https:\/\/piscinassantfeliu.com\/es\/producte\/clor-4-acciones\/#primaryimage"},"thumbnailUrl":"https:\/\/piscinassantfeliu.com\/wp-content\/uploads\/2023\/06\/47715.jpg","datePublished":"2023-09-20T09:55:28+00:00","breadcrumb":{"@id":"https:\/\/piscinassantfeliu.com\/es\/producte\/clor-4-acciones\/#breadcrumb"},"inLanguage":"es","potentialAction":[{"@type":"ReadAction","target":["https:\/\/piscinassantfeliu.com\/es\/producte\/clor-4-acciones\/"]}]},{"@type":"ImageObject","inLanguage":"es","@id":"https:\/\/piscinassantfeliu.com\/es\/producte\/clor-4-acciones\/#primaryimage","url":"https:\/\/piscinassantfeliu.com\/wp-content\/uploads\/2023\/06\/47715.jpg","contentUrl":"https:\/\/piscinassantfeliu.com\/wp-content\/uploads\/2023\/06\/47715.jpg","width":565,"height":754},{"@type":"BreadcrumbList","@id":"https:\/\/piscinassantfeliu.com\/es\/producte\/clor-4-acciones\/#breadcrumb","itemListElement":[{"@type":"ListItem","position":1,"name":"Portada","item":"https:\/\/piscinassantfeliu.com\/es\/inicio\/"},{"@type":"ListItem","position":2,"name":"Botiga","item":"https:\/\/piscinassantfeliu.com\/botiga\/"},{"@type":"ListItem","position":3,"name":"CLOR 4 ACCIONES"}]},{"@type":"WebSite","@id":"https:\/\/piscinassantfeliu.com\/es\/#website","url":"https:\/\/piscinassantfeliu.com\/es\/","name":"Piscines Sant Feliu","description":"Ens encarreguem del proc\u00e9s de construcci\u00f3 de cada piscina al complet. Ens agrada apostar pel disseny i els grans acabats.","potentialAction":[{"@type":"SearchAction","target":{"@type":"EntryPoint","urlTemplate":"https:\/\/piscinassantfeliu.com\/es\/?s={search_term_string}"},"query-input":{"@type":"PropertyValueSpecification","valueRequired":true,"valueName":"search_term_string"}}],"inLanguage":"es"}]}},"_links":{"self":[{"href":"https:\/\/piscinassantfeliu.com\/es\/wp-json\/wp\/v2\/product\/3038","targetHints":{"allow":["GET"]}}],"collection":[{"href":"https:\/\/piscinassantfeliu.com\/es\/wp-json\/wp\/v2\/product"}],"about":[{"href":"https:\/\/piscinassantfeliu.com\/es\/wp-json\/wp\/v2\/types\/product"}],"replies":[{"embeddable":true,"href":"https:\/\/piscinassantfeliu.com\/es\/wp-json\/wp\/v2\/comments?post=3038"}],"wp:featuredmedia":[{"embeddable":true,"href":"https:\/\/piscinassantfeliu.com\/es\/wp-json\/wp\/v2\/media\/1147"}],"wp:attachment":[{"href":"https:\/\/piscinassantfeliu.com\/es\/wp-json\/wp\/v2\/media?parent=3038"}],"wp:term":[{"taxonomy":"product_brand","embeddable":true,"href":"https:\/\/piscinassantfeliu.com\/es\/wp-json\/wp\/v2\/product_brand?post=3038"},{"taxonomy":"product_cat","embeddable":true,"href":"https:\/\/piscinassantfeliu.com\/es\/wp-json\/wp\/v2\/product_cat?post=3038"},{"taxonomy":"product_tag","embeddable":true,"href":"https:\/\/piscinassantfeliu.com\/es\/wp-json\/wp\/v2\/product_tag?post=3038"}],"curies":[{"name":"wp","href":"https:\/\/api.w.org\/{rel}","templated":true}]}}