{"id":3044,"date":"2023-09-20T09:55:28","date_gmt":"2023-09-20T09:55:28","guid":{"rendered":"https:\/\/piscinassantfeliu.com\/producte\/ctx-clor-protect\/"},"modified":"2023-09-20T09:55:29","modified_gmt":"2023-09-20T09:55:29","slug":"ctx-clor-protect","status":"publish","type":"product","link":"https:\/\/piscinassantfeliu.com\/es\/producte\/ctx-clor-protect\/","title":{"rendered":"CTX &#8211; CLOR PROTECT"},"content":{"rendered":"","protected":false},"excerpt":{"rendered":"<p>CTX &#8211; CLOR PROTECT Mantiene el agua desinfectada por m\u00e1s tiempo. Aumenta el efecto desinfectante del cloro al prevenir la destrucci\u00f3n r\u00e1pida causada por la luz ultravioleta del sol. Completo para la electrolisis salina o tratamientos de cloro no estabilizado. Para piscinas exteriores. Introducir en el skimmer o en el prefiltro de la bomba.<\/p>\n","protected":false},"featured_media":1140,"comment_status":"closed","ping_status":"open","template":"","meta":[],"product_brand":[],"product_cat":[31],"product_tag":[],"class_list":{"0":"post-3044","1":"product","2":"type-product","3":"status-publish","4":"has-post-thumbnail","6":"product_cat-producte-quimic","8":"first","9":"instock","10":"purchasable","11":"product-type-simple"},"yoast_head":"<!-- This site is optimized with the Yoast SEO plugin v25.5 - https:\/\/yoast.com\/wordpress\/plugins\/seo\/ -->\n<title>CTX - CLOR PROTECT - Piscines Sant Feliu<\/title>\n<meta name=\"robots\" content=\"index, follow, max-snippet:-1, max-image-preview:large, max-video-preview:-1\" \/>\n<link rel=\"canonical\" href=\"https:\/\/piscinassantfeliu.com\/es\/producte\/ctx-clor-protect\/\" \/>\n<meta property=\"og:locale\" content=\"es_ES\" \/>\n<meta property=\"og:type\" content=\"article\" \/>\n<meta property=\"og:title\" content=\"CTX - CLOR PROTECT - Piscines Sant Feliu\" \/>\n<meta property=\"og:description\" content=\"CTX - CLOR PROTECT Mantiene el agua desinfectada por m\u00e1s tiempo. Aumenta el efecto desinfectante del cloro al prevenir la destrucci\u00f3n r\u00e1pida causada por la luz ultravioleta del sol. Completo para la electrolisis salina o tratamientos de cloro no estabilizado. Para piscinas exteriores. Introducir en el skimmer o en el prefiltro de la bomba.\" \/>\n<meta property=\"og:url\" content=\"https:\/\/piscinassantfeliu.com\/es\/producte\/ctx-clor-protect\/\" \/>\n<meta property=\"og:site_name\" content=\"Piscines Sant Feliu\" \/>\n<meta property=\"article:modified_time\" content=\"2023-09-20T09:55:29+00:00\" \/>\n<meta property=\"og:image\" content=\"https:\/\/piscinassantfeliu.com\/wp-content\/uploads\/2023\/06\/3224.jpg\" \/>\n\t<meta property=\"og:image:width\" content=\"800\" \/>\n\t<meta property=\"og:image:height\" content=\"800\" \/>\n\t<meta property=\"og:image:type\" content=\"image\/jpeg\" \/>\n<meta name=\"twitter:card\" content=\"summary_large_image\" \/>\n<script type=\"application\/ld+json\" class=\"yoast-schema-graph\">{\"@context\":\"https:\/\/schema.org\",\"@graph\":[{\"@type\":\"WebPage\",\"@id\":\"https:\/\/piscinassantfeliu.com\/es\/producte\/ctx-clor-protect\/\",\"url\":\"https:\/\/piscinassantfeliu.com\/es\/producte\/ctx-clor-protect\/\",\"name\":\"CTX - CLOR PROTECT - Piscines Sant Feliu\",\"isPartOf\":{\"@id\":\"https:\/\/piscinassantfeliu.com\/es\/#website\"},\"primaryImageOfPage\":{\"@id\":\"https:\/\/piscinassantfeliu.com\/es\/producte\/ctx-clor-protect\/#primaryimage\"},\"image\":{\"@id\":\"https:\/\/piscinassantfeliu.com\/es\/producte\/ctx-clor-protect\/#primaryimage\"},\"thumbnailUrl\":\"https:\/\/piscinassantfeliu.com\/wp-content\/uploads\/2023\/06\/3224.jpg\",\"datePublished\":\"2023-09-20T09:55:28+00:00\",\"dateModified\":\"2023-09-20T09:55:29+00:00\",\"breadcrumb\":{\"@id\":\"https:\/\/piscinassantfeliu.com\/es\/producte\/ctx-clor-protect\/#breadcrumb\"},\"inLanguage\":\"es\",\"potentialAction\":[{\"@type\":\"ReadAction\",\"target\":[\"https:\/\/piscinassantfeliu.com\/es\/producte\/ctx-clor-protect\/\"]}]},{\"@type\":\"ImageObject\",\"inLanguage\":\"es\",\"@id\":\"https:\/\/piscinassantfeliu.com\/es\/producte\/ctx-clor-protect\/#primaryimage\",\"url\":\"https:\/\/piscinassantfeliu.com\/wp-content\/uploads\/2023\/06\/3224.jpg\",\"contentUrl\":\"https:\/\/piscinassantfeliu.com\/wp-content\/uploads\/2023\/06\/3224.jpg\",\"width\":800,\"height\":800},{\"@type\":\"BreadcrumbList\",\"@id\":\"https:\/\/piscinassantfeliu.com\/es\/producte\/ctx-clor-protect\/#breadcrumb\",\"itemListElement\":[{\"@type\":\"ListItem\",\"position\":1,\"name\":\"Portada\",\"item\":\"https:\/\/piscinassantfeliu.com\/es\/inicio\/\"},{\"@type\":\"ListItem\",\"position\":2,\"name\":\"Botiga\",\"item\":\"https:\/\/piscinassantfeliu.com\/botiga\/\"},{\"@type\":\"ListItem\",\"position\":3,\"name\":\"CTX &#8211; CLOR PROTECT\"}]},{\"@type\":\"WebSite\",\"@id\":\"https:\/\/piscinassantfeliu.com\/es\/#website\",\"url\":\"https:\/\/piscinassantfeliu.com\/es\/\",\"name\":\"Piscines Sant Feliu\",\"description\":\"Ens encarreguem del proc\u00e9s de construcci\u00f3 de cada piscina al complet. Ens agrada apostar pel disseny i els grans acabats.\",\"potentialAction\":[{\"@type\":\"SearchAction\",\"target\":{\"@type\":\"EntryPoint\",\"urlTemplate\":\"https:\/\/piscinassantfeliu.com\/es\/?s={search_term_string}\"},\"query-input\":{\"@type\":\"PropertyValueSpecification\",\"valueRequired\":true,\"valueName\":\"search_term_string\"}}],\"inLanguage\":\"es\"}]}<\/script>\n<!-- \/ Yoast SEO plugin. -->","yoast_head_json":{"title":"CTX - CLOR PROTECT - Piscines Sant Feliu","robots":{"index":"index","follow":"follow","max-snippet":"max-snippet:-1","max-image-preview":"max-image-preview:large","max-video-preview":"max-video-preview:-1"},"canonical":"https:\/\/piscinassantfeliu.com\/es\/producte\/ctx-clor-protect\/","og_locale":"es_ES","og_type":"article","og_title":"CTX - CLOR PROTECT - Piscines Sant Feliu","og_description":"CTX - CLOR PROTECT Mantiene el agua desinfectada por m\u00e1s tiempo. Aumenta el efecto desinfectante del cloro al prevenir la destrucci\u00f3n r\u00e1pida causada por la luz ultravioleta del sol. Completo para la electrolisis salina o tratamientos de cloro no estabilizado. Para piscinas exteriores. Introducir en el skimmer o en el prefiltro de la bomba.","og_url":"https:\/\/piscinassantfeliu.com\/es\/producte\/ctx-clor-protect\/","og_site_name":"Piscines Sant Feliu","article_modified_time":"2023-09-20T09:55:29+00:00","og_image":[{"width":800,"height":800,"url":"https:\/\/piscinassantfeliu.com\/wp-content\/uploads\/2023\/06\/3224.jpg","type":"image\/jpeg"}],"twitter_card":"summary_large_image","schema":{"@context":"https:\/\/schema.org","@graph":[{"@type":"WebPage","@id":"https:\/\/piscinassantfeliu.com\/es\/producte\/ctx-clor-protect\/","url":"https:\/\/piscinassantfeliu.com\/es\/producte\/ctx-clor-protect\/","name":"CTX - CLOR PROTECT - Piscines Sant Feliu","isPartOf":{"@id":"https:\/\/piscinassantfeliu.com\/es\/#website"},"primaryImageOfPage":{"@id":"https:\/\/piscinassantfeliu.com\/es\/producte\/ctx-clor-protect\/#primaryimage"},"image":{"@id":"https:\/\/piscinassantfeliu.com\/es\/producte\/ctx-clor-protect\/#primaryimage"},"thumbnailUrl":"https:\/\/piscinassantfeliu.com\/wp-content\/uploads\/2023\/06\/3224.jpg","datePublished":"2023-09-20T09:55:28+00:00","dateModified":"2023-09-20T09:55:29+00:00","breadcrumb":{"@id":"https:\/\/piscinassantfeliu.com\/es\/producte\/ctx-clor-protect\/#breadcrumb"},"inLanguage":"es","potentialAction":[{"@type":"ReadAction","target":["https:\/\/piscinassantfeliu.com\/es\/producte\/ctx-clor-protect\/"]}]},{"@type":"ImageObject","inLanguage":"es","@id":"https:\/\/piscinassantfeliu.com\/es\/producte\/ctx-clor-protect\/#primaryimage","url":"https:\/\/piscinassantfeliu.com\/wp-content\/uploads\/2023\/06\/3224.jpg","contentUrl":"https:\/\/piscinassantfeliu.com\/wp-content\/uploads\/2023\/06\/3224.jpg","width":800,"height":800},{"@type":"BreadcrumbList","@id":"https:\/\/piscinassantfeliu.com\/es\/producte\/ctx-clor-protect\/#breadcrumb","itemListElement":[{"@type":"ListItem","position":1,"name":"Portada","item":"https:\/\/piscinassantfeliu.com\/es\/inicio\/"},{"@type":"ListItem","position":2,"name":"Botiga","item":"https:\/\/piscinassantfeliu.com\/botiga\/"},{"@type":"ListItem","position":3,"name":"CTX &#8211; CLOR PROTECT"}]},{"@type":"WebSite","@id":"https:\/\/piscinassantfeliu.com\/es\/#website","url":"https:\/\/piscinassantfeliu.com\/es\/","name":"Piscines Sant Feliu","description":"Ens encarreguem del proc\u00e9s de construcci\u00f3 de cada piscina al complet. Ens agrada apostar pel disseny i els grans acabats.","potentialAction":[{"@type":"SearchAction","target":{"@type":"EntryPoint","urlTemplate":"https:\/\/piscinassantfeliu.com\/es\/?s={search_term_string}"},"query-input":{"@type":"PropertyValueSpecification","valueRequired":true,"valueName":"search_term_string"}}],"inLanguage":"es"}]}},"_links":{"self":[{"href":"https:\/\/piscinassantfeliu.com\/es\/wp-json\/wp\/v2\/product\/3044","targetHints":{"allow":["GET"]}}],"collection":[{"href":"https:\/\/piscinassantfeliu.com\/es\/wp-json\/wp\/v2\/product"}],"about":[{"href":"https:\/\/piscinassantfeliu.com\/es\/wp-json\/wp\/v2\/types\/product"}],"replies":[{"embeddable":true,"href":"https:\/\/piscinassantfeliu.com\/es\/wp-json\/wp\/v2\/comments?post=3044"}],"wp:featuredmedia":[{"embeddable":true,"href":"https:\/\/piscinassantfeliu.com\/es\/wp-json\/wp\/v2\/media\/1140"}],"wp:attachment":[{"href":"https:\/\/piscinassantfeliu.com\/es\/wp-json\/wp\/v2\/media?parent=3044"}],"wp:term":[{"taxonomy":"product_brand","embeddable":true,"href":"https:\/\/piscinassantfeliu.com\/es\/wp-json\/wp\/v2\/product_brand?post=3044"},{"taxonomy":"product_cat","embeddable":true,"href":"https:\/\/piscinassantfeliu.com\/es\/wp-json\/wp\/v2\/product_cat?post=3044"},{"taxonomy":"product_tag","embeddable":true,"href":"https:\/\/piscinassantfeliu.com\/es\/wp-json\/wp\/v2\/product_tag?post=3044"}],"curies":[{"name":"wp","href":"https:\/\/api.w.org\/{rel}","templated":true}]}}