{"id":3069,"date":"2023-09-20T09:55:31","date_gmt":"2023-09-20T09:55:31","guid":{"rendered":"https:\/\/piscinassantfeliu.com\/producte\/incrementador-de-ph\/"},"modified":"2023-09-20T09:55:33","modified_gmt":"2023-09-20T09:55:33","slug":"incrementador-de-ph","status":"publish","type":"product","link":"https:\/\/piscinassantfeliu.com\/es\/producte\/incrementador-de-ph\/","title":{"rendered":"INCREMENTADOR DE PH"},"content":{"rendered":"","protected":false},"excerpt":{"rendered":"<p>INCREMENTADOR DE PH s\u00f3lido para cuando el pH del agua est\u00e9 por debajo de 7,2 (\u00e1cida). Gr\u00e1nulo blanco de f\u00e1cil disoluci\u00f3n. DOSIS Para incrementar una d\u00e9cima de pH, a\u00f1adir 5 g de pH+ por cada m\u00b3 de agua, disuelto previamente en cantidad suficiente de agua, sobre las boquillas de impulsi\u00f3n y con el equipo depurador en marcha. Las dosis son siempre orientativas, dependen de las caracter\u00edsticas del agua.<\/p>\n","protected":false},"featured_media":1151,"comment_status":"closed","ping_status":"open","template":"","meta":[],"product_brand":[],"product_cat":[31],"product_tag":[],"class_list":{"0":"post-3069","1":"product","2":"type-product","3":"status-publish","4":"has-post-thumbnail","6":"product_cat-producte-quimic","8":"first","9":"instock","10":"purchasable","11":"product-type-simple"},"yoast_head":"<!-- This site is optimized with the Yoast SEO plugin v25.5 - https:\/\/yoast.com\/wordpress\/plugins\/seo\/ -->\n<title>INCREMENTADOR DE PH - Piscines Sant Feliu<\/title>\n<meta name=\"robots\" content=\"index, follow, max-snippet:-1, max-image-preview:large, max-video-preview:-1\" \/>\n<link rel=\"canonical\" href=\"https:\/\/piscinassantfeliu.com\/es\/producte\/incrementador-de-ph\/\" \/>\n<meta property=\"og:locale\" content=\"es_ES\" \/>\n<meta property=\"og:type\" content=\"article\" \/>\n<meta property=\"og:title\" content=\"INCREMENTADOR DE PH - Piscines Sant Feliu\" \/>\n<meta property=\"og:description\" content=\"INCREMENTADOR DE PH s\u00f3lido para cuando el pH del agua est\u00e9 por debajo de 7,2 (\u00e1cida). Gr\u00e1nulo blanco de f\u00e1cil disoluci\u00f3n. DOSIS Para incrementar una d\u00e9cima de pH, a\u00f1adir 5 g de pH+ por cada m\u00b3 de agua, disuelto previamente en cantidad suficiente de agua, sobre las boquillas de impulsi\u00f3n y con el equipo depurador en marcha. Las dosis son siempre orientativas, dependen de las caracter\u00edsticas del agua.\" \/>\n<meta property=\"og:url\" content=\"https:\/\/piscinassantfeliu.com\/es\/producte\/incrementador-de-ph\/\" \/>\n<meta property=\"og:site_name\" content=\"Piscines Sant Feliu\" \/>\n<meta property=\"article:modified_time\" content=\"2023-09-20T09:55:33+00:00\" \/>\n<meta property=\"og:image\" content=\"https:\/\/piscinassantfeliu.com\/wp-content\/uploads\/2023\/06\/471005.jpg\" \/>\n\t<meta property=\"og:image:width\" content=\"259\" \/>\n\t<meta property=\"og:image:height\" content=\"194\" \/>\n\t<meta property=\"og:image:type\" content=\"image\/jpeg\" \/>\n<meta name=\"twitter:card\" content=\"summary_large_image\" \/>\n<script type=\"application\/ld+json\" class=\"yoast-schema-graph\">{\"@context\":\"https:\/\/schema.org\",\"@graph\":[{\"@type\":\"WebPage\",\"@id\":\"https:\/\/piscinassantfeliu.com\/es\/producte\/incrementador-de-ph\/\",\"url\":\"https:\/\/piscinassantfeliu.com\/es\/producte\/incrementador-de-ph\/\",\"name\":\"INCREMENTADOR DE PH - Piscines Sant Feliu\",\"isPartOf\":{\"@id\":\"https:\/\/piscinassantfeliu.com\/es\/#website\"},\"primaryImageOfPage\":{\"@id\":\"https:\/\/piscinassantfeliu.com\/es\/producte\/incrementador-de-ph\/#primaryimage\"},\"image\":{\"@id\":\"https:\/\/piscinassantfeliu.com\/es\/producte\/incrementador-de-ph\/#primaryimage\"},\"thumbnailUrl\":\"https:\/\/piscinassantfeliu.com\/wp-content\/uploads\/2023\/06\/471005.jpg\",\"datePublished\":\"2023-09-20T09:55:31+00:00\",\"dateModified\":\"2023-09-20T09:55:33+00:00\",\"breadcrumb\":{\"@id\":\"https:\/\/piscinassantfeliu.com\/es\/producte\/incrementador-de-ph\/#breadcrumb\"},\"inLanguage\":\"es\",\"potentialAction\":[{\"@type\":\"ReadAction\",\"target\":[\"https:\/\/piscinassantfeliu.com\/es\/producte\/incrementador-de-ph\/\"]}]},{\"@type\":\"ImageObject\",\"inLanguage\":\"es\",\"@id\":\"https:\/\/piscinassantfeliu.com\/es\/producte\/incrementador-de-ph\/#primaryimage\",\"url\":\"https:\/\/piscinassantfeliu.com\/wp-content\/uploads\/2023\/06\/471005.jpg\",\"contentUrl\":\"https:\/\/piscinassantfeliu.com\/wp-content\/uploads\/2023\/06\/471005.jpg\",\"width\":259,\"height\":194},{\"@type\":\"BreadcrumbList\",\"@id\":\"https:\/\/piscinassantfeliu.com\/es\/producte\/incrementador-de-ph\/#breadcrumb\",\"itemListElement\":[{\"@type\":\"ListItem\",\"position\":1,\"name\":\"Portada\",\"item\":\"https:\/\/piscinassantfeliu.com\/es\/inicio\/\"},{\"@type\":\"ListItem\",\"position\":2,\"name\":\"Botiga\",\"item\":\"https:\/\/piscinassantfeliu.com\/botiga\/\"},{\"@type\":\"ListItem\",\"position\":3,\"name\":\"INCREMENTADOR DE PH\"}]},{\"@type\":\"WebSite\",\"@id\":\"https:\/\/piscinassantfeliu.com\/es\/#website\",\"url\":\"https:\/\/piscinassantfeliu.com\/es\/\",\"name\":\"Piscines Sant Feliu\",\"description\":\"Ens encarreguem del proc\u00e9s de construcci\u00f3 de cada piscina al complet. Ens agrada apostar pel disseny i els grans acabats.\",\"potentialAction\":[{\"@type\":\"SearchAction\",\"target\":{\"@type\":\"EntryPoint\",\"urlTemplate\":\"https:\/\/piscinassantfeliu.com\/es\/?s={search_term_string}\"},\"query-input\":{\"@type\":\"PropertyValueSpecification\",\"valueRequired\":true,\"valueName\":\"search_term_string\"}}],\"inLanguage\":\"es\"}]}<\/script>\n<!-- \/ Yoast SEO plugin. -->","yoast_head_json":{"title":"INCREMENTADOR DE PH - Piscines Sant Feliu","robots":{"index":"index","follow":"follow","max-snippet":"max-snippet:-1","max-image-preview":"max-image-preview:large","max-video-preview":"max-video-preview:-1"},"canonical":"https:\/\/piscinassantfeliu.com\/es\/producte\/incrementador-de-ph\/","og_locale":"es_ES","og_type":"article","og_title":"INCREMENTADOR DE PH - Piscines Sant Feliu","og_description":"INCREMENTADOR DE PH s\u00f3lido para cuando el pH del agua est\u00e9 por debajo de 7,2 (\u00e1cida). Gr\u00e1nulo blanco de f\u00e1cil disoluci\u00f3n. DOSIS Para incrementar una d\u00e9cima de pH, a\u00f1adir 5 g de pH+ por cada m\u00b3 de agua, disuelto previamente en cantidad suficiente de agua, sobre las boquillas de impulsi\u00f3n y con el equipo depurador en marcha. Las dosis son siempre orientativas, dependen de las caracter\u00edsticas del agua.","og_url":"https:\/\/piscinassantfeliu.com\/es\/producte\/incrementador-de-ph\/","og_site_name":"Piscines Sant Feliu","article_modified_time":"2023-09-20T09:55:33+00:00","og_image":[{"width":259,"height":194,"url":"https:\/\/piscinassantfeliu.com\/wp-content\/uploads\/2023\/06\/471005.jpg","type":"image\/jpeg"}],"twitter_card":"summary_large_image","schema":{"@context":"https:\/\/schema.org","@graph":[{"@type":"WebPage","@id":"https:\/\/piscinassantfeliu.com\/es\/producte\/incrementador-de-ph\/","url":"https:\/\/piscinassantfeliu.com\/es\/producte\/incrementador-de-ph\/","name":"INCREMENTADOR DE PH - Piscines Sant Feliu","isPartOf":{"@id":"https:\/\/piscinassantfeliu.com\/es\/#website"},"primaryImageOfPage":{"@id":"https:\/\/piscinassantfeliu.com\/es\/producte\/incrementador-de-ph\/#primaryimage"},"image":{"@id":"https:\/\/piscinassantfeliu.com\/es\/producte\/incrementador-de-ph\/#primaryimage"},"thumbnailUrl":"https:\/\/piscinassantfeliu.com\/wp-content\/uploads\/2023\/06\/471005.jpg","datePublished":"2023-09-20T09:55:31+00:00","dateModified":"2023-09-20T09:55:33+00:00","breadcrumb":{"@id":"https:\/\/piscinassantfeliu.com\/es\/producte\/incrementador-de-ph\/#breadcrumb"},"inLanguage":"es","potentialAction":[{"@type":"ReadAction","target":["https:\/\/piscinassantfeliu.com\/es\/producte\/incrementador-de-ph\/"]}]},{"@type":"ImageObject","inLanguage":"es","@id":"https:\/\/piscinassantfeliu.com\/es\/producte\/incrementador-de-ph\/#primaryimage","url":"https:\/\/piscinassantfeliu.com\/wp-content\/uploads\/2023\/06\/471005.jpg","contentUrl":"https:\/\/piscinassantfeliu.com\/wp-content\/uploads\/2023\/06\/471005.jpg","width":259,"height":194},{"@type":"BreadcrumbList","@id":"https:\/\/piscinassantfeliu.com\/es\/producte\/incrementador-de-ph\/#breadcrumb","itemListElement":[{"@type":"ListItem","position":1,"name":"Portada","item":"https:\/\/piscinassantfeliu.com\/es\/inicio\/"},{"@type":"ListItem","position":2,"name":"Botiga","item":"https:\/\/piscinassantfeliu.com\/botiga\/"},{"@type":"ListItem","position":3,"name":"INCREMENTADOR DE PH"}]},{"@type":"WebSite","@id":"https:\/\/piscinassantfeliu.com\/es\/#website","url":"https:\/\/piscinassantfeliu.com\/es\/","name":"Piscines Sant Feliu","description":"Ens encarreguem del proc\u00e9s de construcci\u00f3 de cada piscina al complet. Ens agrada apostar pel disseny i els grans acabats.","potentialAction":[{"@type":"SearchAction","target":{"@type":"EntryPoint","urlTemplate":"https:\/\/piscinassantfeliu.com\/es\/?s={search_term_string}"},"query-input":{"@type":"PropertyValueSpecification","valueRequired":true,"valueName":"search_term_string"}}],"inLanguage":"es"}]}},"_links":{"self":[{"href":"https:\/\/piscinassantfeliu.com\/es\/wp-json\/wp\/v2\/product\/3069","targetHints":{"allow":["GET"]}}],"collection":[{"href":"https:\/\/piscinassantfeliu.com\/es\/wp-json\/wp\/v2\/product"}],"about":[{"href":"https:\/\/piscinassantfeliu.com\/es\/wp-json\/wp\/v2\/types\/product"}],"replies":[{"embeddable":true,"href":"https:\/\/piscinassantfeliu.com\/es\/wp-json\/wp\/v2\/comments?post=3069"}],"wp:featuredmedia":[{"embeddable":true,"href":"https:\/\/piscinassantfeliu.com\/es\/wp-json\/wp\/v2\/media\/1151"}],"wp:attachment":[{"href":"https:\/\/piscinassantfeliu.com\/es\/wp-json\/wp\/v2\/media?parent=3069"}],"wp:term":[{"taxonomy":"product_brand","embeddable":true,"href":"https:\/\/piscinassantfeliu.com\/es\/wp-json\/wp\/v2\/product_brand?post=3069"},{"taxonomy":"product_cat","embeddable":true,"href":"https:\/\/piscinassantfeliu.com\/es\/wp-json\/wp\/v2\/product_cat?post=3069"},{"taxonomy":"product_tag","embeddable":true,"href":"https:\/\/piscinassantfeliu.com\/es\/wp-json\/wp\/v2\/product_tag?post=3069"}],"curies":[{"name":"wp","href":"https:\/\/api.w.org\/{rel}","templated":true}]}}