{"id":3022,"date":"2023-09-20T09:55:24","date_gmt":"2023-09-20T09:55:24","guid":{"rendered":"https:\/\/piscinassantfeliu.com\/producte\/algicida-concentrado\/"},"modified":"2023-09-20T09:55:25","modified_gmt":"2023-09-20T09:55:25","slug":"algicida-concentrado","status":"publish","type":"product","link":"https:\/\/piscinassantfeliu.com\/fr\/producte\/algicida-concentrado\/","title":{"rendered":"Algicida concentrado"},"content":{"rendered":"","protected":false},"excerpt":{"rendered":"<p>Producto de doble acci\u00f3n, combate las algas y deja el agua reluciente.\u00a0Se puede utilizar junto con un generador de sal, como alguicida base al inicio de la temporada y como tratamiento de choque si la piscina se pone verde.\u00a0Es compatible con la supercloraci\u00f3n, no produce escoria ni espuma y no contiene iones met\u00e1licos.\u00a0Potente bactericida ideal para aplicar sobre la superficie de la piscina antes del llenado y as\u00ed minimizar el crecimiento de hongos detr\u00e1s de la membrana de PVC y tambi\u00e9n de algas negras en la lechada.\u00a0Indicado para la eliminaci\u00f3n de Pseudomonas aeruginosa y Staphylococcus aureus (ver ficha t\u00e9cnica).\u00a0Dosis: 1-2 L\/100 m3, seg\u00fan necesidades<\/p>\n","protected":false},"featured_media":1222,"comment_status":"closed","ping_status":"open","template":"","meta":[],"product_brand":[],"product_cat":[31],"product_tag":[],"class_list":{"0":"post-3022","1":"product","2":"type-product","3":"status-publish","4":"has-post-thumbnail","6":"product_cat-producte-quimic","8":"first","9":"instock","10":"purchasable","11":"product-type-simple"},"yoast_head":"<!-- This site is optimized with the Yoast SEO plugin v25.5 - https:\/\/yoast.com\/wordpress\/plugins\/seo\/ -->\n<title>Algicida concentrado - Piscines Sant Feliu<\/title>\n<meta name=\"robots\" content=\"index, follow, max-snippet:-1, max-image-preview:large, max-video-preview:-1\" \/>\n<link rel=\"canonical\" href=\"https:\/\/piscinassantfeliu.com\/fr\/producte\/algicida-concentrado\/\" \/>\n<meta property=\"og:locale\" content=\"fr_FR\" \/>\n<meta property=\"og:type\" content=\"article\" \/>\n<meta property=\"og:title\" content=\"Algicida concentrado - Piscines Sant Feliu\" \/>\n<meta property=\"og:description\" content=\"Producto de doble acci\u00f3n, combate las algas y deja el agua reluciente.\u00a0Se puede utilizar junto con un generador de sal, como alguicida base al inicio de la temporada y como tratamiento de choque si la piscina se pone verde.\u00a0Es compatible con la supercloraci\u00f3n, no produce escoria ni espuma y no contiene iones met\u00e1licos.\u00a0Potente bactericida ideal para aplicar sobre la superficie de la piscina antes del llenado y as\u00ed minimizar el crecimiento de hongos detr\u00e1s de la membrana de PVC y tambi\u00e9n de algas negras en la lechada.\u00a0Indicado para la eliminaci\u00f3n de Pseudomonas aeruginosa y Staphylococcus aureus (ver ficha t\u00e9cnica).\u00a0Dosis: 1-2 L\/100 m3, seg\u00fan necesidades\" \/>\n<meta property=\"og:url\" content=\"https:\/\/piscinassantfeliu.com\/fr\/producte\/algicida-concentrado\/\" \/>\n<meta property=\"og:site_name\" content=\"Piscines Sant Feliu\" \/>\n<meta property=\"article:modified_time\" content=\"2023-09-20T09:55:25+00:00\" \/>\n<meta property=\"og:image\" content=\"https:\/\/piscinassantfeliu.com\/wp-content\/uploads\/2023\/06\/200218.jpg\" \/>\n\t<meta property=\"og:image:width\" content=\"1280\" \/>\n\t<meta property=\"og:image:height\" content=\"1280\" \/>\n\t<meta property=\"og:image:type\" content=\"image\/jpeg\" \/>\n<meta name=\"twitter:card\" content=\"summary_large_image\" \/>\n<script type=\"application\/ld+json\" class=\"yoast-schema-graph\">{\"@context\":\"https:\/\/schema.org\",\"@graph\":[{\"@type\":\"WebPage\",\"@id\":\"https:\/\/piscinassantfeliu.com\/fr\/producte\/algicida-concentrado\/\",\"url\":\"https:\/\/piscinassantfeliu.com\/fr\/producte\/algicida-concentrado\/\",\"name\":\"Algicida concentrado - Piscines Sant Feliu\",\"isPartOf\":{\"@id\":\"https:\/\/piscinassantfeliu.com\/fr\/#website\"},\"primaryImageOfPage\":{\"@id\":\"https:\/\/piscinassantfeliu.com\/fr\/producte\/algicida-concentrado\/#primaryimage\"},\"image\":{\"@id\":\"https:\/\/piscinassantfeliu.com\/fr\/producte\/algicida-concentrado\/#primaryimage\"},\"thumbnailUrl\":\"https:\/\/piscinassantfeliu.com\/wp-content\/uploads\/2023\/06\/200218.jpg\",\"datePublished\":\"2023-09-20T09:55:24+00:00\",\"dateModified\":\"2023-09-20T09:55:25+00:00\",\"breadcrumb\":{\"@id\":\"https:\/\/piscinassantfeliu.com\/fr\/producte\/algicida-concentrado\/#breadcrumb\"},\"inLanguage\":\"fr-FR\",\"potentialAction\":[{\"@type\":\"ReadAction\",\"target\":[\"https:\/\/piscinassantfeliu.com\/fr\/producte\/algicida-concentrado\/\"]}]},{\"@type\":\"ImageObject\",\"inLanguage\":\"fr-FR\",\"@id\":\"https:\/\/piscinassantfeliu.com\/fr\/producte\/algicida-concentrado\/#primaryimage\",\"url\":\"https:\/\/piscinassantfeliu.com\/wp-content\/uploads\/2023\/06\/200218.jpg\",\"contentUrl\":\"https:\/\/piscinassantfeliu.com\/wp-content\/uploads\/2023\/06\/200218.jpg\",\"width\":1280,\"height\":1280},{\"@type\":\"BreadcrumbList\",\"@id\":\"https:\/\/piscinassantfeliu.com\/fr\/producte\/algicida-concentrado\/#breadcrumb\",\"itemListElement\":[{\"@type\":\"ListItem\",\"position\":1,\"name\":\"Portada\",\"item\":\"https:\/\/piscinassantfeliu.com\/fr\/accueille\/\"},{\"@type\":\"ListItem\",\"position\":2,\"name\":\"Botiga\",\"item\":\"https:\/\/piscinassantfeliu.com\/botiga\/\"},{\"@type\":\"ListItem\",\"position\":3,\"name\":\"Algicida concentrado\"}]},{\"@type\":\"WebSite\",\"@id\":\"https:\/\/piscinassantfeliu.com\/fr\/#website\",\"url\":\"https:\/\/piscinassantfeliu.com\/fr\/\",\"name\":\"Piscines Sant Feliu\",\"description\":\"Ens encarreguem del proc\u00e9s de construcci\u00f3 de cada piscina al complet. Ens agrada apostar pel disseny i els grans acabats.\",\"potentialAction\":[{\"@type\":\"SearchAction\",\"target\":{\"@type\":\"EntryPoint\",\"urlTemplate\":\"https:\/\/piscinassantfeliu.com\/fr\/?s={search_term_string}\"},\"query-input\":{\"@type\":\"PropertyValueSpecification\",\"valueRequired\":true,\"valueName\":\"search_term_string\"}}],\"inLanguage\":\"fr-FR\"}]}<\/script>\n<!-- \/ Yoast SEO plugin. -->","yoast_head_json":{"title":"Algicida concentrado - Piscines Sant Feliu","robots":{"index":"index","follow":"follow","max-snippet":"max-snippet:-1","max-image-preview":"max-image-preview:large","max-video-preview":"max-video-preview:-1"},"canonical":"https:\/\/piscinassantfeliu.com\/fr\/producte\/algicida-concentrado\/","og_locale":"fr_FR","og_type":"article","og_title":"Algicida concentrado - Piscines Sant Feliu","og_description":"Producto de doble acci\u00f3n, combate las algas y deja el agua reluciente.\u00a0Se puede utilizar junto con un generador de sal, como alguicida base al inicio de la temporada y como tratamiento de choque si la piscina se pone verde.\u00a0Es compatible con la supercloraci\u00f3n, no produce escoria ni espuma y no contiene iones met\u00e1licos.\u00a0Potente bactericida ideal para aplicar sobre la superficie de la piscina antes del llenado y as\u00ed minimizar el crecimiento de hongos detr\u00e1s de la membrana de PVC y tambi\u00e9n de algas negras en la lechada.\u00a0Indicado para la eliminaci\u00f3n de Pseudomonas aeruginosa y Staphylococcus aureus (ver ficha t\u00e9cnica).\u00a0Dosis: 1-2 L\/100 m3, seg\u00fan necesidades","og_url":"https:\/\/piscinassantfeliu.com\/fr\/producte\/algicida-concentrado\/","og_site_name":"Piscines Sant Feliu","article_modified_time":"2023-09-20T09:55:25+00:00","og_image":[{"width":1280,"height":1280,"url":"https:\/\/piscinassantfeliu.com\/wp-content\/uploads\/2023\/06\/200218.jpg","type":"image\/jpeg"}],"twitter_card":"summary_large_image","schema":{"@context":"https:\/\/schema.org","@graph":[{"@type":"WebPage","@id":"https:\/\/piscinassantfeliu.com\/fr\/producte\/algicida-concentrado\/","url":"https:\/\/piscinassantfeliu.com\/fr\/producte\/algicida-concentrado\/","name":"Algicida concentrado - Piscines Sant Feliu","isPartOf":{"@id":"https:\/\/piscinassantfeliu.com\/fr\/#website"},"primaryImageOfPage":{"@id":"https:\/\/piscinassantfeliu.com\/fr\/producte\/algicida-concentrado\/#primaryimage"},"image":{"@id":"https:\/\/piscinassantfeliu.com\/fr\/producte\/algicida-concentrado\/#primaryimage"},"thumbnailUrl":"https:\/\/piscinassantfeliu.com\/wp-content\/uploads\/2023\/06\/200218.jpg","datePublished":"2023-09-20T09:55:24+00:00","dateModified":"2023-09-20T09:55:25+00:00","breadcrumb":{"@id":"https:\/\/piscinassantfeliu.com\/fr\/producte\/algicida-concentrado\/#breadcrumb"},"inLanguage":"fr-FR","potentialAction":[{"@type":"ReadAction","target":["https:\/\/piscinassantfeliu.com\/fr\/producte\/algicida-concentrado\/"]}]},{"@type":"ImageObject","inLanguage":"fr-FR","@id":"https:\/\/piscinassantfeliu.com\/fr\/producte\/algicida-concentrado\/#primaryimage","url":"https:\/\/piscinassantfeliu.com\/wp-content\/uploads\/2023\/06\/200218.jpg","contentUrl":"https:\/\/piscinassantfeliu.com\/wp-content\/uploads\/2023\/06\/200218.jpg","width":1280,"height":1280},{"@type":"BreadcrumbList","@id":"https:\/\/piscinassantfeliu.com\/fr\/producte\/algicida-concentrado\/#breadcrumb","itemListElement":[{"@type":"ListItem","position":1,"name":"Portada","item":"https:\/\/piscinassantfeliu.com\/fr\/accueille\/"},{"@type":"ListItem","position":2,"name":"Botiga","item":"https:\/\/piscinassantfeliu.com\/botiga\/"},{"@type":"ListItem","position":3,"name":"Algicida concentrado"}]},{"@type":"WebSite","@id":"https:\/\/piscinassantfeliu.com\/fr\/#website","url":"https:\/\/piscinassantfeliu.com\/fr\/","name":"Piscines Sant Feliu","description":"Ens encarreguem del proc\u00e9s de construcci\u00f3 de cada piscina al complet. Ens agrada apostar pel disseny i els grans acabats.","potentialAction":[{"@type":"SearchAction","target":{"@type":"EntryPoint","urlTemplate":"https:\/\/piscinassantfeliu.com\/fr\/?s={search_term_string}"},"query-input":{"@type":"PropertyValueSpecification","valueRequired":true,"valueName":"search_term_string"}}],"inLanguage":"fr-FR"}]}},"_links":{"self":[{"href":"https:\/\/piscinassantfeliu.com\/fr\/wp-json\/wp\/v2\/product\/3022","targetHints":{"allow":["GET"]}}],"collection":[{"href":"https:\/\/piscinassantfeliu.com\/fr\/wp-json\/wp\/v2\/product"}],"about":[{"href":"https:\/\/piscinassantfeliu.com\/fr\/wp-json\/wp\/v2\/types\/product"}],"replies":[{"embeddable":true,"href":"https:\/\/piscinassantfeliu.com\/fr\/wp-json\/wp\/v2\/comments?post=3022"}],"wp:featuredmedia":[{"embeddable":true,"href":"https:\/\/piscinassantfeliu.com\/fr\/wp-json\/wp\/v2\/media\/1222"}],"wp:attachment":[{"href":"https:\/\/piscinassantfeliu.com\/fr\/wp-json\/wp\/v2\/media?parent=3022"}],"wp:term":[{"taxonomy":"product_brand","embeddable":true,"href":"https:\/\/piscinassantfeliu.com\/fr\/wp-json\/wp\/v2\/product_brand?post=3022"},{"taxonomy":"product_cat","embeddable":true,"href":"https:\/\/piscinassantfeliu.com\/fr\/wp-json\/wp\/v2\/product_cat?post=3022"},{"taxonomy":"product_tag","embeddable":true,"href":"https:\/\/piscinassantfeliu.com\/fr\/wp-json\/wp\/v2\/product_tag?post=3022"}],"curies":[{"name":"wp","href":"https:\/\/api.w.org\/{rel}","templated":true}]}}