{"id":3048,"date":"2023-09-20T09:55:28","date_gmt":"2023-09-20T09:55:28","guid":{"rendered":"https:\/\/piscinassantfeliu.com\/producte\/ctx-phosfree\/"},"modified":"2023-09-20T09:55:29","modified_gmt":"2023-09-20T09:55:29","slug":"ctx-phosfree","status":"publish","type":"product","link":"https:\/\/piscinassantfeliu.com\/fr\/producte\/ctx-phosfree\/","title":{"rendered":"CTX PHOSFREE"},"content":{"rendered":"","protected":false},"excerpt":{"rendered":"<p>CTX PHOSFREE Producto concentrado para, mediante la inhibici\u00f3n de su crecimiento, eliminar al instante los fosfatos generados por las algas. Evita aparici\u00f3n de algas. Compatible con todo tipo de desinfectante. Mejora el rendimiento de la electrolisis de sal.Con botella dosificadora, f\u00e1cil de usar. S e debe mantener una concentraci\u00f3n de fosfatos inferior a 25ppb para evitar la formaci\u00f3n de algas.<\/p>\n","protected":false},"featured_media":1148,"comment_status":"closed","ping_status":"open","template":"","meta":[],"product_brand":[],"product_cat":[31],"product_tag":[],"class_list":{"0":"post-3048","1":"product","2":"type-product","3":"status-publish","4":"has-post-thumbnail","6":"product_cat-producte-quimic","8":"first","9":"instock","10":"purchasable","11":"product-type-simple"},"yoast_head":"<!-- This site is optimized with the Yoast SEO plugin v25.5 - https:\/\/yoast.com\/wordpress\/plugins\/seo\/ -->\n<title>CTX PHOSFREE - Piscines Sant Feliu<\/title>\n<meta name=\"robots\" content=\"index, follow, max-snippet:-1, max-image-preview:large, max-video-preview:-1\" \/>\n<link rel=\"canonical\" href=\"https:\/\/piscinassantfeliu.com\/fr\/producte\/ctx-phosfree\/\" \/>\n<meta property=\"og:locale\" content=\"fr_FR\" \/>\n<meta property=\"og:type\" content=\"article\" \/>\n<meta property=\"og:title\" content=\"CTX PHOSFREE - Piscines Sant Feliu\" \/>\n<meta property=\"og:description\" content=\"CTX PHOSFREE Producto concentrado para, mediante la inhibici\u00f3n de su crecimiento, eliminar al instante los fosfatos generados por las algas. Evita aparici\u00f3n de algas. Compatible con todo tipo de desinfectante. Mejora el rendimiento de la electrolisis de sal.Con botella dosificadora, f\u00e1cil de usar. S e debe mantener una concentraci\u00f3n de fosfatos inferior a 25ppb para evitar la formaci\u00f3n de algas.\" \/>\n<meta property=\"og:url\" content=\"https:\/\/piscinassantfeliu.com\/fr\/producte\/ctx-phosfree\/\" \/>\n<meta property=\"og:site_name\" content=\"Piscines Sant Feliu\" \/>\n<meta property=\"article:modified_time\" content=\"2023-09-20T09:55:29+00:00\" \/>\n<meta property=\"og:image\" content=\"https:\/\/piscinassantfeliu.com\/wp-content\/uploads\/2023\/06\/63108.jpg\" \/>\n\t<meta property=\"og:image:width\" content=\"558\" \/>\n\t<meta property=\"og:image:height\" content=\"863\" \/>\n\t<meta property=\"og:image:type\" content=\"image\/jpeg\" \/>\n<meta name=\"twitter:card\" content=\"summary_large_image\" \/>\n<script type=\"application\/ld+json\" class=\"yoast-schema-graph\">{\"@context\":\"https:\/\/schema.org\",\"@graph\":[{\"@type\":\"WebPage\",\"@id\":\"https:\/\/piscinassantfeliu.com\/fr\/producte\/ctx-phosfree\/\",\"url\":\"https:\/\/piscinassantfeliu.com\/fr\/producte\/ctx-phosfree\/\",\"name\":\"CTX PHOSFREE - Piscines Sant Feliu\",\"isPartOf\":{\"@id\":\"https:\/\/piscinassantfeliu.com\/fr\/#website\"},\"primaryImageOfPage\":{\"@id\":\"https:\/\/piscinassantfeliu.com\/fr\/producte\/ctx-phosfree\/#primaryimage\"},\"image\":{\"@id\":\"https:\/\/piscinassantfeliu.com\/fr\/producte\/ctx-phosfree\/#primaryimage\"},\"thumbnailUrl\":\"https:\/\/piscinassantfeliu.com\/wp-content\/uploads\/2023\/06\/63108.jpg\",\"datePublished\":\"2023-09-20T09:55:28+00:00\",\"dateModified\":\"2023-09-20T09:55:29+00:00\",\"breadcrumb\":{\"@id\":\"https:\/\/piscinassantfeliu.com\/fr\/producte\/ctx-phosfree\/#breadcrumb\"},\"inLanguage\":\"fr-FR\",\"potentialAction\":[{\"@type\":\"ReadAction\",\"target\":[\"https:\/\/piscinassantfeliu.com\/fr\/producte\/ctx-phosfree\/\"]}]},{\"@type\":\"ImageObject\",\"inLanguage\":\"fr-FR\",\"@id\":\"https:\/\/piscinassantfeliu.com\/fr\/producte\/ctx-phosfree\/#primaryimage\",\"url\":\"https:\/\/piscinassantfeliu.com\/wp-content\/uploads\/2023\/06\/63108.jpg\",\"contentUrl\":\"https:\/\/piscinassantfeliu.com\/wp-content\/uploads\/2023\/06\/63108.jpg\",\"width\":558,\"height\":863},{\"@type\":\"BreadcrumbList\",\"@id\":\"https:\/\/piscinassantfeliu.com\/fr\/producte\/ctx-phosfree\/#breadcrumb\",\"itemListElement\":[{\"@type\":\"ListItem\",\"position\":1,\"name\":\"Portada\",\"item\":\"https:\/\/piscinassantfeliu.com\/fr\/accueille\/\"},{\"@type\":\"ListItem\",\"position\":2,\"name\":\"Botiga\",\"item\":\"https:\/\/piscinassantfeliu.com\/botiga\/\"},{\"@type\":\"ListItem\",\"position\":3,\"name\":\"CTX PHOSFREE\"}]},{\"@type\":\"WebSite\",\"@id\":\"https:\/\/piscinassantfeliu.com\/fr\/#website\",\"url\":\"https:\/\/piscinassantfeliu.com\/fr\/\",\"name\":\"Piscines Sant Feliu\",\"description\":\"Ens encarreguem del proc\u00e9s de construcci\u00f3 de cada piscina al complet. Ens agrada apostar pel disseny i els grans acabats.\",\"potentialAction\":[{\"@type\":\"SearchAction\",\"target\":{\"@type\":\"EntryPoint\",\"urlTemplate\":\"https:\/\/piscinassantfeliu.com\/fr\/?s={search_term_string}\"},\"query-input\":{\"@type\":\"PropertyValueSpecification\",\"valueRequired\":true,\"valueName\":\"search_term_string\"}}],\"inLanguage\":\"fr-FR\"}]}<\/script>\n<!-- \/ Yoast SEO plugin. -->","yoast_head_json":{"title":"CTX PHOSFREE - Piscines Sant Feliu","robots":{"index":"index","follow":"follow","max-snippet":"max-snippet:-1","max-image-preview":"max-image-preview:large","max-video-preview":"max-video-preview:-1"},"canonical":"https:\/\/piscinassantfeliu.com\/fr\/producte\/ctx-phosfree\/","og_locale":"fr_FR","og_type":"article","og_title":"CTX PHOSFREE - Piscines Sant Feliu","og_description":"CTX PHOSFREE Producto concentrado para, mediante la inhibici\u00f3n de su crecimiento, eliminar al instante los fosfatos generados por las algas. Evita aparici\u00f3n de algas. Compatible con todo tipo de desinfectante. Mejora el rendimiento de la electrolisis de sal.Con botella dosificadora, f\u00e1cil de usar. S e debe mantener una concentraci\u00f3n de fosfatos inferior a 25ppb para evitar la formaci\u00f3n de algas.","og_url":"https:\/\/piscinassantfeliu.com\/fr\/producte\/ctx-phosfree\/","og_site_name":"Piscines Sant Feliu","article_modified_time":"2023-09-20T09:55:29+00:00","og_image":[{"width":558,"height":863,"url":"https:\/\/piscinassantfeliu.com\/wp-content\/uploads\/2023\/06\/63108.jpg","type":"image\/jpeg"}],"twitter_card":"summary_large_image","schema":{"@context":"https:\/\/schema.org","@graph":[{"@type":"WebPage","@id":"https:\/\/piscinassantfeliu.com\/fr\/producte\/ctx-phosfree\/","url":"https:\/\/piscinassantfeliu.com\/fr\/producte\/ctx-phosfree\/","name":"CTX PHOSFREE - Piscines Sant Feliu","isPartOf":{"@id":"https:\/\/piscinassantfeliu.com\/fr\/#website"},"primaryImageOfPage":{"@id":"https:\/\/piscinassantfeliu.com\/fr\/producte\/ctx-phosfree\/#primaryimage"},"image":{"@id":"https:\/\/piscinassantfeliu.com\/fr\/producte\/ctx-phosfree\/#primaryimage"},"thumbnailUrl":"https:\/\/piscinassantfeliu.com\/wp-content\/uploads\/2023\/06\/63108.jpg","datePublished":"2023-09-20T09:55:28+00:00","dateModified":"2023-09-20T09:55:29+00:00","breadcrumb":{"@id":"https:\/\/piscinassantfeliu.com\/fr\/producte\/ctx-phosfree\/#breadcrumb"},"inLanguage":"fr-FR","potentialAction":[{"@type":"ReadAction","target":["https:\/\/piscinassantfeliu.com\/fr\/producte\/ctx-phosfree\/"]}]},{"@type":"ImageObject","inLanguage":"fr-FR","@id":"https:\/\/piscinassantfeliu.com\/fr\/producte\/ctx-phosfree\/#primaryimage","url":"https:\/\/piscinassantfeliu.com\/wp-content\/uploads\/2023\/06\/63108.jpg","contentUrl":"https:\/\/piscinassantfeliu.com\/wp-content\/uploads\/2023\/06\/63108.jpg","width":558,"height":863},{"@type":"BreadcrumbList","@id":"https:\/\/piscinassantfeliu.com\/fr\/producte\/ctx-phosfree\/#breadcrumb","itemListElement":[{"@type":"ListItem","position":1,"name":"Portada","item":"https:\/\/piscinassantfeliu.com\/fr\/accueille\/"},{"@type":"ListItem","position":2,"name":"Botiga","item":"https:\/\/piscinassantfeliu.com\/botiga\/"},{"@type":"ListItem","position":3,"name":"CTX PHOSFREE"}]},{"@type":"WebSite","@id":"https:\/\/piscinassantfeliu.com\/fr\/#website","url":"https:\/\/piscinassantfeliu.com\/fr\/","name":"Piscines Sant Feliu","description":"Ens encarreguem del proc\u00e9s de construcci\u00f3 de cada piscina al complet. Ens agrada apostar pel disseny i els grans acabats.","potentialAction":[{"@type":"SearchAction","target":{"@type":"EntryPoint","urlTemplate":"https:\/\/piscinassantfeliu.com\/fr\/?s={search_term_string}"},"query-input":{"@type":"PropertyValueSpecification","valueRequired":true,"valueName":"search_term_string"}}],"inLanguage":"fr-FR"}]}},"_links":{"self":[{"href":"https:\/\/piscinassantfeliu.com\/fr\/wp-json\/wp\/v2\/product\/3048","targetHints":{"allow":["GET"]}}],"collection":[{"href":"https:\/\/piscinassantfeliu.com\/fr\/wp-json\/wp\/v2\/product"}],"about":[{"href":"https:\/\/piscinassantfeliu.com\/fr\/wp-json\/wp\/v2\/types\/product"}],"replies":[{"embeddable":true,"href":"https:\/\/piscinassantfeliu.com\/fr\/wp-json\/wp\/v2\/comments?post=3048"}],"wp:featuredmedia":[{"embeddable":true,"href":"https:\/\/piscinassantfeliu.com\/fr\/wp-json\/wp\/v2\/media\/1148"}],"wp:attachment":[{"href":"https:\/\/piscinassantfeliu.com\/fr\/wp-json\/wp\/v2\/media?parent=3048"}],"wp:term":[{"taxonomy":"product_brand","embeddable":true,"href":"https:\/\/piscinassantfeliu.com\/fr\/wp-json\/wp\/v2\/product_brand?post=3048"},{"taxonomy":"product_cat","embeddable":true,"href":"https:\/\/piscinassantfeliu.com\/fr\/wp-json\/wp\/v2\/product_cat?post=3048"},{"taxonomy":"product_tag","embeddable":true,"href":"https:\/\/piscinassantfeliu.com\/fr\/wp-json\/wp\/v2\/product_tag?post=3048"}],"curies":[{"name":"wp","href":"https:\/\/api.w.org\/{rel}","templated":true}]}}