{"id":3065,"date":"2023-09-20T09:55:31","date_gmt":"2023-09-20T09:55:31","guid":{"rendered":"https:\/\/piscinassantfeliu.com\/producte\/floculante\/"},"modified":"2024-07-02T17:38:30","modified_gmt":"2024-07-02T15:38:30","slug":"floculante","status":"publish","type":"product","link":"https:\/\/piscinassantfeliu.com\/fr\/producte\/floculante\/","title":{"rendered":"FLOCULANTE"},"content":{"rendered":"","protected":false},"excerpt":{"rendered":"<p>FLOCULANTE Flocula y coagula las impurezas en suspensi\u00f3n del agua de la piscina, favoreciendo la calidad de filtraci\u00f3n. Crea una capa sobre las arenas que retiene las particulas que pasar\u00edan por el fltro impidiendo la transparencia. No usarlo con filtros de diatomeas ni cartuchos<\/p>\n","protected":false},"featured_media":3539,"comment_status":"closed","ping_status":"closed","template":"","meta":[],"product_brand":[],"product_cat":[31],"product_tag":[],"class_list":{"0":"post-3065","1":"product","2":"type-product","3":"status-publish","4":"has-post-thumbnail","6":"product_cat-producte-quimic","8":"first","9":"instock","10":"purchasable","11":"product-type-simple"},"yoast_head":"<!-- This site is optimized with the Yoast SEO plugin v25.5 - https:\/\/yoast.com\/wordpress\/plugins\/seo\/ -->\n<title>FLOCULANTE - Piscines Sant Feliu<\/title>\n<meta name=\"robots\" content=\"index, follow, max-snippet:-1, max-image-preview:large, max-video-preview:-1\" \/>\n<link rel=\"canonical\" href=\"https:\/\/piscinassantfeliu.com\/fr\/producte\/floculante\/\" \/>\n<meta property=\"og:locale\" content=\"fr_FR\" \/>\n<meta property=\"og:type\" content=\"article\" \/>\n<meta property=\"og:title\" content=\"FLOCULANTE - Piscines Sant Feliu\" \/>\n<meta property=\"og:description\" content=\"FLOCULANTE Flocula y coagula las impurezas en suspensi\u00f3n del agua de la piscina, favoreciendo la calidad de filtraci\u00f3n. Crea una capa sobre las arenas que retiene las particulas que pasar\u00edan por el fltro impidiendo la transparencia. No usarlo con filtros de diatomeas ni cartuchos\" \/>\n<meta property=\"og:url\" content=\"https:\/\/piscinassantfeliu.com\/fr\/producte\/floculante\/\" \/>\n<meta property=\"og:site_name\" content=\"Piscines Sant Feliu\" \/>\n<meta property=\"article:modified_time\" content=\"2024-07-02T15:38:30+00:00\" \/>\n<meta property=\"og:image\" content=\"https:\/\/piscinassantfeliu.com\/wp-content\/uploads\/2023\/09\/floculante-liquido-astralpool.jpg\" \/>\n\t<meta property=\"og:image:width\" content=\"800\" \/>\n\t<meta property=\"og:image:height\" content=\"800\" \/>\n\t<meta property=\"og:image:type\" content=\"image\/jpeg\" \/>\n<meta name=\"twitter:card\" content=\"summary_large_image\" \/>\n<meta name=\"twitter:label1\" content=\"Dur\u00e9e de lecture estim\u00e9e\" \/>\n\t<meta name=\"twitter:data1\" content=\"1 minute\" \/>\n<script type=\"application\/ld+json\" class=\"yoast-schema-graph\">{\"@context\":\"https:\/\/schema.org\",\"@graph\":[{\"@type\":\"WebPage\",\"@id\":\"https:\/\/piscinassantfeliu.com\/fr\/producte\/floculante\/\",\"url\":\"https:\/\/piscinassantfeliu.com\/fr\/producte\/floculante\/\",\"name\":\"FLOCULANTE - Piscines Sant Feliu\",\"isPartOf\":{\"@id\":\"https:\/\/piscinassantfeliu.com\/fr\/#website\"},\"primaryImageOfPage\":{\"@id\":\"https:\/\/piscinassantfeliu.com\/fr\/producte\/floculante\/#primaryimage\"},\"image\":{\"@id\":\"https:\/\/piscinassantfeliu.com\/fr\/producte\/floculante\/#primaryimage\"},\"thumbnailUrl\":\"https:\/\/piscinassantfeliu.com\/wp-content\/uploads\/2023\/09\/floculante-liquido-astralpool.jpg\",\"datePublished\":\"2023-09-20T09:55:31+00:00\",\"dateModified\":\"2024-07-02T15:38:30+00:00\",\"breadcrumb\":{\"@id\":\"https:\/\/piscinassantfeliu.com\/fr\/producte\/floculante\/#breadcrumb\"},\"inLanguage\":\"fr-FR\",\"potentialAction\":[{\"@type\":\"ReadAction\",\"target\":[\"https:\/\/piscinassantfeliu.com\/fr\/producte\/floculante\/\"]}]},{\"@type\":\"ImageObject\",\"inLanguage\":\"fr-FR\",\"@id\":\"https:\/\/piscinassantfeliu.com\/fr\/producte\/floculante\/#primaryimage\",\"url\":\"https:\/\/piscinassantfeliu.com\/wp-content\/uploads\/2023\/09\/floculante-liquido-astralpool.jpg\",\"contentUrl\":\"https:\/\/piscinassantfeliu.com\/wp-content\/uploads\/2023\/09\/floculante-liquido-astralpool.jpg\",\"width\":800,\"height\":800},{\"@type\":\"BreadcrumbList\",\"@id\":\"https:\/\/piscinassantfeliu.com\/fr\/producte\/floculante\/#breadcrumb\",\"itemListElement\":[{\"@type\":\"ListItem\",\"position\":1,\"name\":\"Portada\",\"item\":\"https:\/\/piscinassantfeliu.com\/fr\/accueille\/\"},{\"@type\":\"ListItem\",\"position\":2,\"name\":\"Botiga\",\"item\":\"https:\/\/piscinassantfeliu.com\/botiga\/\"},{\"@type\":\"ListItem\",\"position\":3,\"name\":\"FLOCULANTE\"}]},{\"@type\":\"WebSite\",\"@id\":\"https:\/\/piscinassantfeliu.com\/fr\/#website\",\"url\":\"https:\/\/piscinassantfeliu.com\/fr\/\",\"name\":\"Piscines Sant Feliu\",\"description\":\"Ens encarreguem del proc\u00e9s de construcci\u00f3 de cada piscina al complet. Ens agrada apostar pel disseny i els grans acabats.\",\"potentialAction\":[{\"@type\":\"SearchAction\",\"target\":{\"@type\":\"EntryPoint\",\"urlTemplate\":\"https:\/\/piscinassantfeliu.com\/fr\/?s={search_term_string}\"},\"query-input\":{\"@type\":\"PropertyValueSpecification\",\"valueRequired\":true,\"valueName\":\"search_term_string\"}}],\"inLanguage\":\"fr-FR\"}]}<\/script>\n<!-- \/ Yoast SEO plugin. -->","yoast_head_json":{"title":"FLOCULANTE - Piscines Sant Feliu","robots":{"index":"index","follow":"follow","max-snippet":"max-snippet:-1","max-image-preview":"max-image-preview:large","max-video-preview":"max-video-preview:-1"},"canonical":"https:\/\/piscinassantfeliu.com\/fr\/producte\/floculante\/","og_locale":"fr_FR","og_type":"article","og_title":"FLOCULANTE - Piscines Sant Feliu","og_description":"FLOCULANTE Flocula y coagula las impurezas en suspensi\u00f3n del agua de la piscina, favoreciendo la calidad de filtraci\u00f3n. Crea una capa sobre las arenas que retiene las particulas que pasar\u00edan por el fltro impidiendo la transparencia. No usarlo con filtros de diatomeas ni cartuchos","og_url":"https:\/\/piscinassantfeliu.com\/fr\/producte\/floculante\/","og_site_name":"Piscines Sant Feliu","article_modified_time":"2024-07-02T15:38:30+00:00","og_image":[{"width":800,"height":800,"url":"https:\/\/piscinassantfeliu.com\/wp-content\/uploads\/2023\/09\/floculante-liquido-astralpool.jpg","type":"image\/jpeg"}],"twitter_card":"summary_large_image","twitter_misc":{"Dur\u00e9e de lecture estim\u00e9e":"1 minute"},"schema":{"@context":"https:\/\/schema.org","@graph":[{"@type":"WebPage","@id":"https:\/\/piscinassantfeliu.com\/fr\/producte\/floculante\/","url":"https:\/\/piscinassantfeliu.com\/fr\/producte\/floculante\/","name":"FLOCULANTE - Piscines Sant Feliu","isPartOf":{"@id":"https:\/\/piscinassantfeliu.com\/fr\/#website"},"primaryImageOfPage":{"@id":"https:\/\/piscinassantfeliu.com\/fr\/producte\/floculante\/#primaryimage"},"image":{"@id":"https:\/\/piscinassantfeliu.com\/fr\/producte\/floculante\/#primaryimage"},"thumbnailUrl":"https:\/\/piscinassantfeliu.com\/wp-content\/uploads\/2023\/09\/floculante-liquido-astralpool.jpg","datePublished":"2023-09-20T09:55:31+00:00","dateModified":"2024-07-02T15:38:30+00:00","breadcrumb":{"@id":"https:\/\/piscinassantfeliu.com\/fr\/producte\/floculante\/#breadcrumb"},"inLanguage":"fr-FR","potentialAction":[{"@type":"ReadAction","target":["https:\/\/piscinassantfeliu.com\/fr\/producte\/floculante\/"]}]},{"@type":"ImageObject","inLanguage":"fr-FR","@id":"https:\/\/piscinassantfeliu.com\/fr\/producte\/floculante\/#primaryimage","url":"https:\/\/piscinassantfeliu.com\/wp-content\/uploads\/2023\/09\/floculante-liquido-astralpool.jpg","contentUrl":"https:\/\/piscinassantfeliu.com\/wp-content\/uploads\/2023\/09\/floculante-liquido-astralpool.jpg","width":800,"height":800},{"@type":"BreadcrumbList","@id":"https:\/\/piscinassantfeliu.com\/fr\/producte\/floculante\/#breadcrumb","itemListElement":[{"@type":"ListItem","position":1,"name":"Portada","item":"https:\/\/piscinassantfeliu.com\/fr\/accueille\/"},{"@type":"ListItem","position":2,"name":"Botiga","item":"https:\/\/piscinassantfeliu.com\/botiga\/"},{"@type":"ListItem","position":3,"name":"FLOCULANTE"}]},{"@type":"WebSite","@id":"https:\/\/piscinassantfeliu.com\/fr\/#website","url":"https:\/\/piscinassantfeliu.com\/fr\/","name":"Piscines Sant Feliu","description":"Ens encarreguem del proc\u00e9s de construcci\u00f3 de cada piscina al complet. Ens agrada apostar pel disseny i els grans acabats.","potentialAction":[{"@type":"SearchAction","target":{"@type":"EntryPoint","urlTemplate":"https:\/\/piscinassantfeliu.com\/fr\/?s={search_term_string}"},"query-input":{"@type":"PropertyValueSpecification","valueRequired":true,"valueName":"search_term_string"}}],"inLanguage":"fr-FR"}]}},"_links":{"self":[{"href":"https:\/\/piscinassantfeliu.com\/fr\/wp-json\/wp\/v2\/product\/3065","targetHints":{"allow":["GET"]}}],"collection":[{"href":"https:\/\/piscinassantfeliu.com\/fr\/wp-json\/wp\/v2\/product"}],"about":[{"href":"https:\/\/piscinassantfeliu.com\/fr\/wp-json\/wp\/v2\/types\/product"}],"replies":[{"embeddable":true,"href":"https:\/\/piscinassantfeliu.com\/fr\/wp-json\/wp\/v2\/comments?post=3065"}],"wp:featuredmedia":[{"embeddable":true,"href":"https:\/\/piscinassantfeliu.com\/fr\/wp-json\/wp\/v2\/media\/3539"}],"wp:attachment":[{"href":"https:\/\/piscinassantfeliu.com\/fr\/wp-json\/wp\/v2\/media?parent=3065"}],"wp:term":[{"taxonomy":"product_brand","embeddable":true,"href":"https:\/\/piscinassantfeliu.com\/fr\/wp-json\/wp\/v2\/product_brand?post=3065"},{"taxonomy":"product_cat","embeddable":true,"href":"https:\/\/piscinassantfeliu.com\/fr\/wp-json\/wp\/v2\/product_cat?post=3065"},{"taxonomy":"product_tag","embeddable":true,"href":"https:\/\/piscinassantfeliu.com\/fr\/wp-json\/wp\/v2\/product_tag?post=3065"}],"curies":[{"name":"wp","href":"https:\/\/api.w.org\/{rel}","templated":true}]}}