{"id":3075,"date":"2023-09-20T09:55:31","date_gmt":"2023-09-20T09:55:31","guid":{"rendered":"https:\/\/piscinassantfeliu.com\/producte\/libera-oxigeno-activo\/"},"modified":"2023-09-20T09:55:33","modified_gmt":"2023-09-20T09:55:33","slug":"libera-oxigeno-activo","status":"publish","type":"product","link":"https:\/\/piscinassantfeliu.com\/fr\/producte\/libera-oxigeno-activo\/","title":{"rendered":"Libera ox\u00edgeno activo"},"content":{"rendered":"","protected":false},"excerpt":{"rendered":"<p>Producto de acci\u00f3n inmediata que libera ox\u00edgeno activo, con un gran y mejor poder oxidante y desinfectante que el cloro.\u00a0Elimina todo tipo de bacterias y microorganismos.\u00a0Reduce el nivel de cloraminas.\u00a0No altera el pH ni aumenta el nivel de cloro.\u00a0Compatible con otros sistemas de ox\u00edgeno.\u00a0Ideal para la recuperaci\u00f3n de aguas verdes, no aumenta los niveles de \u00e1cido cian\u00farico.\u00a0Dosis agua verde recuperaci\u00f3n: 1 L \/ 10 m\u00b3 Dosis mantenimiento: ajustar a 30 ppm.<\/p>\n","protected":false},"featured_media":1225,"comment_status":"closed","ping_status":"open","template":"","meta":[],"product_brand":[],"product_cat":[31],"product_tag":[],"class_list":{"0":"post-3075","1":"product","2":"type-product","3":"status-publish","4":"has-post-thumbnail","6":"product_cat-producte-quimic","8":"first","9":"instock","10":"purchasable","11":"product-type-simple"},"yoast_head":"<!-- This site is optimized with the Yoast SEO plugin v25.5 - https:\/\/yoast.com\/wordpress\/plugins\/seo\/ -->\n<title>Libera ox\u00edgeno activo - Piscines Sant Feliu<\/title>\n<meta name=\"robots\" content=\"index, follow, max-snippet:-1, max-image-preview:large, max-video-preview:-1\" \/>\n<link rel=\"canonical\" href=\"https:\/\/piscinassantfeliu.com\/fr\/producte\/libera-oxigeno-activo\/\" \/>\n<meta property=\"og:locale\" content=\"fr_FR\" \/>\n<meta property=\"og:type\" content=\"article\" \/>\n<meta property=\"og:title\" content=\"Libera ox\u00edgeno activo - Piscines Sant Feliu\" \/>\n<meta property=\"og:description\" content=\"Producto de acci\u00f3n inmediata que libera ox\u00edgeno activo, con un gran y mejor poder oxidante y desinfectante que el cloro.\u00a0Elimina todo tipo de bacterias y microorganismos.\u00a0Reduce el nivel de cloraminas.\u00a0No altera el pH ni aumenta el nivel de cloro.\u00a0Compatible con otros sistemas de ox\u00edgeno.\u00a0Ideal para la recuperaci\u00f3n de aguas verdes, no aumenta los niveles de \u00e1cido cian\u00farico.\u00a0Dosis agua verde recuperaci\u00f3n: 1 L \/ 10 m\u00b3 Dosis mantenimiento: ajustar a 30 ppm.\" \/>\n<meta property=\"og:url\" content=\"https:\/\/piscinassantfeliu.com\/fr\/producte\/libera-oxigeno-activo\/\" \/>\n<meta property=\"og:site_name\" content=\"Piscines Sant Feliu\" \/>\n<meta property=\"article:modified_time\" content=\"2023-09-20T09:55:33+00:00\" \/>\n<meta property=\"og:image\" content=\"https:\/\/piscinassantfeliu.com\/wp-content\/uploads\/2023\/06\/201786.jpg\" \/>\n\t<meta property=\"og:image:width\" content=\"225\" \/>\n\t<meta property=\"og:image:height\" content=\"225\" \/>\n\t<meta property=\"og:image:type\" content=\"image\/jpeg\" \/>\n<meta name=\"twitter:card\" content=\"summary_large_image\" \/>\n<script type=\"application\/ld+json\" class=\"yoast-schema-graph\">{\"@context\":\"https:\/\/schema.org\",\"@graph\":[{\"@type\":\"WebPage\",\"@id\":\"https:\/\/piscinassantfeliu.com\/fr\/producte\/libera-oxigeno-activo\/\",\"url\":\"https:\/\/piscinassantfeliu.com\/fr\/producte\/libera-oxigeno-activo\/\",\"name\":\"Libera ox\u00edgeno activo - Piscines Sant Feliu\",\"isPartOf\":{\"@id\":\"https:\/\/piscinassantfeliu.com\/fr\/#website\"},\"primaryImageOfPage\":{\"@id\":\"https:\/\/piscinassantfeliu.com\/fr\/producte\/libera-oxigeno-activo\/#primaryimage\"},\"image\":{\"@id\":\"https:\/\/piscinassantfeliu.com\/fr\/producte\/libera-oxigeno-activo\/#primaryimage\"},\"thumbnailUrl\":\"https:\/\/piscinassantfeliu.com\/wp-content\/uploads\/2023\/06\/201786.jpg\",\"datePublished\":\"2023-09-20T09:55:31+00:00\",\"dateModified\":\"2023-09-20T09:55:33+00:00\",\"breadcrumb\":{\"@id\":\"https:\/\/piscinassantfeliu.com\/fr\/producte\/libera-oxigeno-activo\/#breadcrumb\"},\"inLanguage\":\"fr-FR\",\"potentialAction\":[{\"@type\":\"ReadAction\",\"target\":[\"https:\/\/piscinassantfeliu.com\/fr\/producte\/libera-oxigeno-activo\/\"]}]},{\"@type\":\"ImageObject\",\"inLanguage\":\"fr-FR\",\"@id\":\"https:\/\/piscinassantfeliu.com\/fr\/producte\/libera-oxigeno-activo\/#primaryimage\",\"url\":\"https:\/\/piscinassantfeliu.com\/wp-content\/uploads\/2023\/06\/201786.jpg\",\"contentUrl\":\"https:\/\/piscinassantfeliu.com\/wp-content\/uploads\/2023\/06\/201786.jpg\",\"width\":225,\"height\":225},{\"@type\":\"BreadcrumbList\",\"@id\":\"https:\/\/piscinassantfeliu.com\/fr\/producte\/libera-oxigeno-activo\/#breadcrumb\",\"itemListElement\":[{\"@type\":\"ListItem\",\"position\":1,\"name\":\"Portada\",\"item\":\"https:\/\/piscinassantfeliu.com\/fr\/accueille\/\"},{\"@type\":\"ListItem\",\"position\":2,\"name\":\"Botiga\",\"item\":\"https:\/\/piscinassantfeliu.com\/botiga\/\"},{\"@type\":\"ListItem\",\"position\":3,\"name\":\"Libera ox\u00edgeno activo\"}]},{\"@type\":\"WebSite\",\"@id\":\"https:\/\/piscinassantfeliu.com\/fr\/#website\",\"url\":\"https:\/\/piscinassantfeliu.com\/fr\/\",\"name\":\"Piscines Sant Feliu\",\"description\":\"Ens encarreguem del proc\u00e9s de construcci\u00f3 de cada piscina al complet. Ens agrada apostar pel disseny i els grans acabats.\",\"potentialAction\":[{\"@type\":\"SearchAction\",\"target\":{\"@type\":\"EntryPoint\",\"urlTemplate\":\"https:\/\/piscinassantfeliu.com\/fr\/?s={search_term_string}\"},\"query-input\":{\"@type\":\"PropertyValueSpecification\",\"valueRequired\":true,\"valueName\":\"search_term_string\"}}],\"inLanguage\":\"fr-FR\"}]}<\/script>\n<!-- \/ Yoast SEO plugin. -->","yoast_head_json":{"title":"Libera ox\u00edgeno activo - Piscines Sant Feliu","robots":{"index":"index","follow":"follow","max-snippet":"max-snippet:-1","max-image-preview":"max-image-preview:large","max-video-preview":"max-video-preview:-1"},"canonical":"https:\/\/piscinassantfeliu.com\/fr\/producte\/libera-oxigeno-activo\/","og_locale":"fr_FR","og_type":"article","og_title":"Libera ox\u00edgeno activo - Piscines Sant Feliu","og_description":"Producto de acci\u00f3n inmediata que libera ox\u00edgeno activo, con un gran y mejor poder oxidante y desinfectante que el cloro.\u00a0Elimina todo tipo de bacterias y microorganismos.\u00a0Reduce el nivel de cloraminas.\u00a0No altera el pH ni aumenta el nivel de cloro.\u00a0Compatible con otros sistemas de ox\u00edgeno.\u00a0Ideal para la recuperaci\u00f3n de aguas verdes, no aumenta los niveles de \u00e1cido cian\u00farico.\u00a0Dosis agua verde recuperaci\u00f3n: 1 L \/ 10 m\u00b3 Dosis mantenimiento: ajustar a 30 ppm.","og_url":"https:\/\/piscinassantfeliu.com\/fr\/producte\/libera-oxigeno-activo\/","og_site_name":"Piscines Sant Feliu","article_modified_time":"2023-09-20T09:55:33+00:00","og_image":[{"width":225,"height":225,"url":"https:\/\/piscinassantfeliu.com\/wp-content\/uploads\/2023\/06\/201786.jpg","type":"image\/jpeg"}],"twitter_card":"summary_large_image","schema":{"@context":"https:\/\/schema.org","@graph":[{"@type":"WebPage","@id":"https:\/\/piscinassantfeliu.com\/fr\/producte\/libera-oxigeno-activo\/","url":"https:\/\/piscinassantfeliu.com\/fr\/producte\/libera-oxigeno-activo\/","name":"Libera ox\u00edgeno activo - Piscines Sant Feliu","isPartOf":{"@id":"https:\/\/piscinassantfeliu.com\/fr\/#website"},"primaryImageOfPage":{"@id":"https:\/\/piscinassantfeliu.com\/fr\/producte\/libera-oxigeno-activo\/#primaryimage"},"image":{"@id":"https:\/\/piscinassantfeliu.com\/fr\/producte\/libera-oxigeno-activo\/#primaryimage"},"thumbnailUrl":"https:\/\/piscinassantfeliu.com\/wp-content\/uploads\/2023\/06\/201786.jpg","datePublished":"2023-09-20T09:55:31+00:00","dateModified":"2023-09-20T09:55:33+00:00","breadcrumb":{"@id":"https:\/\/piscinassantfeliu.com\/fr\/producte\/libera-oxigeno-activo\/#breadcrumb"},"inLanguage":"fr-FR","potentialAction":[{"@type":"ReadAction","target":["https:\/\/piscinassantfeliu.com\/fr\/producte\/libera-oxigeno-activo\/"]}]},{"@type":"ImageObject","inLanguage":"fr-FR","@id":"https:\/\/piscinassantfeliu.com\/fr\/producte\/libera-oxigeno-activo\/#primaryimage","url":"https:\/\/piscinassantfeliu.com\/wp-content\/uploads\/2023\/06\/201786.jpg","contentUrl":"https:\/\/piscinassantfeliu.com\/wp-content\/uploads\/2023\/06\/201786.jpg","width":225,"height":225},{"@type":"BreadcrumbList","@id":"https:\/\/piscinassantfeliu.com\/fr\/producte\/libera-oxigeno-activo\/#breadcrumb","itemListElement":[{"@type":"ListItem","position":1,"name":"Portada","item":"https:\/\/piscinassantfeliu.com\/fr\/accueille\/"},{"@type":"ListItem","position":2,"name":"Botiga","item":"https:\/\/piscinassantfeliu.com\/botiga\/"},{"@type":"ListItem","position":3,"name":"Libera ox\u00edgeno activo"}]},{"@type":"WebSite","@id":"https:\/\/piscinassantfeliu.com\/fr\/#website","url":"https:\/\/piscinassantfeliu.com\/fr\/","name":"Piscines Sant Feliu","description":"Ens encarreguem del proc\u00e9s de construcci\u00f3 de cada piscina al complet. Ens agrada apostar pel disseny i els grans acabats.","potentialAction":[{"@type":"SearchAction","target":{"@type":"EntryPoint","urlTemplate":"https:\/\/piscinassantfeliu.com\/fr\/?s={search_term_string}"},"query-input":{"@type":"PropertyValueSpecification","valueRequired":true,"valueName":"search_term_string"}}],"inLanguage":"fr-FR"}]}},"_links":{"self":[{"href":"https:\/\/piscinassantfeliu.com\/fr\/wp-json\/wp\/v2\/product\/3075","targetHints":{"allow":["GET"]}}],"collection":[{"href":"https:\/\/piscinassantfeliu.com\/fr\/wp-json\/wp\/v2\/product"}],"about":[{"href":"https:\/\/piscinassantfeliu.com\/fr\/wp-json\/wp\/v2\/types\/product"}],"replies":[{"embeddable":true,"href":"https:\/\/piscinassantfeliu.com\/fr\/wp-json\/wp\/v2\/comments?post=3075"}],"wp:featuredmedia":[{"embeddable":true,"href":"https:\/\/piscinassantfeliu.com\/fr\/wp-json\/wp\/v2\/media\/1225"}],"wp:attachment":[{"href":"https:\/\/piscinassantfeliu.com\/fr\/wp-json\/wp\/v2\/media?parent=3075"}],"wp:term":[{"taxonomy":"product_brand","embeddable":true,"href":"https:\/\/piscinassantfeliu.com\/fr\/wp-json\/wp\/v2\/product_brand?post=3075"},{"taxonomy":"product_cat","embeddable":true,"href":"https:\/\/piscinassantfeliu.com\/fr\/wp-json\/wp\/v2\/product_cat?post=3075"},{"taxonomy":"product_tag","embeddable":true,"href":"https:\/\/piscinassantfeliu.com\/fr\/wp-json\/wp\/v2\/product_tag?post=3075"}],"curies":[{"name":"wp","href":"https:\/\/api.w.org\/{rel}","templated":true}]}}