{"id":3115,"date":"2023-09-20T09:55:38","date_gmt":"2023-09-20T09:55:38","guid":{"rendered":"https:\/\/piscinassantfeliu.com\/producte\/robot-limpiafondos-alpha-iq\/"},"modified":"2024-07-02T16:42:52","modified_gmt":"2024-07-02T14:42:52","slug":"robot-limpiafondos-alpha-iq","status":"publish","type":"product","link":"https:\/\/piscinassantfeliu.com\/fr\/producte\/robot-limpiafondos-alpha-iq\/","title":{"rendered":"ROBOT LIMPIAFONDOS ALPHA IQ"},"content":{"rendered":"","protected":false},"excerpt":{"rendered":"<p>ROBOT LIMPIAFONDOS ALPHA IQ Combinaci\u00f3n de inteligencia y m\u00e1ximo rendimiento. Sensor Nav Sytem: limpieza inteligente y personalizada. Aspiraci\u00f3n super potente y constante. M\u00e1s ligero al salir del agua. Conexi\u00f3n wifi: interfaz intuituva y funcionalidades avanzadas en la aplicaco\u00f3n desde cualquier lugar. Carro de transporte-unidad de control-filtro residuos finos 60up-contact+cepillos-Swivel-aplicaci\u00f3n gratuita- Piscinas enterradas y elevadas con paredes rigidas de hasta 12 x 6m. Revestimientos Gressite, liner, casco de poliester, PVC armado y hormig\u00f3n pintado. Limpieza: fondos\/pared\/l\u00ednea de agua. 2 ciclos de limpieza WR000198<\/p>\n","protected":false},"featured_media":3474,"comment_status":"closed","ping_status":"closed","template":"","meta":[],"product_brand":[],"product_cat":[32],"product_tag":[],"class_list":{"0":"post-3115","1":"product","2":"type-product","3":"status-publish","4":"has-post-thumbnail","6":"product_cat-netejafons","8":"first","9":"instock","10":"purchasable","11":"product-type-simple"},"yoast_head":"<!-- This site is optimized with the Yoast SEO plugin v25.5 - https:\/\/yoast.com\/wordpress\/plugins\/seo\/ -->\n<title>ROBOT LIMPIAFONDOS ALPHA IQ - Piscines Sant Feliu<\/title>\n<meta name=\"robots\" content=\"index, follow, max-snippet:-1, max-image-preview:large, max-video-preview:-1\" \/>\n<link rel=\"canonical\" href=\"https:\/\/piscinassantfeliu.com\/fr\/producte\/robot-limpiafondos-alpha-iq\/\" \/>\n<meta property=\"og:locale\" content=\"fr_FR\" \/>\n<meta property=\"og:type\" content=\"article\" \/>\n<meta property=\"og:title\" content=\"ROBOT LIMPIAFONDOS ALPHA IQ - Piscines Sant Feliu\" \/>\n<meta property=\"og:description\" content=\"ROBOT LIMPIAFONDOS ALPHA IQ Combinaci\u00f3n de inteligencia y m\u00e1ximo rendimiento. Sensor Nav Sytem: limpieza inteligente y personalizada. Aspiraci\u00f3n super potente y constante. M\u00e1s ligero al salir del agua. Conexi\u00f3n wifi: interfaz intuituva y funcionalidades avanzadas en la aplicaco\u00f3n desde cualquier lugar. Carro de transporte-unidad de control-filtro residuos finos 60up-contact+cepillos-Swivel-aplicaci\u00f3n gratuita- Piscinas enterradas y elevadas con paredes rigidas de hasta 12 x 6m. Revestimientos Gressite, liner, casco de poliester, PVC armado y hormig\u00f3n pintado. Limpieza: fondos\/pared\/l\u00ednea de agua. 2 ciclos de limpieza WR000198\" \/>\n<meta property=\"og:url\" content=\"https:\/\/piscinassantfeliu.com\/fr\/producte\/robot-limpiafondos-alpha-iq\/\" \/>\n<meta property=\"og:site_name\" content=\"Piscines Sant Feliu\" \/>\n<meta property=\"article:modified_time\" content=\"2024-07-02T14:42:52+00:00\" \/>\n<meta property=\"og:image\" content=\"https:\/\/piscinassantfeliu.com\/wp-content\/uploads\/2023\/09\/robot-limpiafondos.jpg\" \/>\n\t<meta property=\"og:image:width\" content=\"600\" \/>\n\t<meta property=\"og:image:height\" content=\"600\" \/>\n\t<meta property=\"og:image:type\" content=\"image\/jpeg\" \/>\n<meta name=\"twitter:card\" content=\"summary_large_image\" \/>\n<meta name=\"twitter:label1\" content=\"Dur\u00e9e de lecture estim\u00e9e\" \/>\n\t<meta name=\"twitter:data1\" content=\"1 minute\" \/>\n<script type=\"application\/ld+json\" class=\"yoast-schema-graph\">{\"@context\":\"https:\/\/schema.org\",\"@graph\":[{\"@type\":\"WebPage\",\"@id\":\"https:\/\/piscinassantfeliu.com\/fr\/producte\/robot-limpiafondos-alpha-iq\/\",\"url\":\"https:\/\/piscinassantfeliu.com\/fr\/producte\/robot-limpiafondos-alpha-iq\/\",\"name\":\"ROBOT LIMPIAFONDOS ALPHA IQ - Piscines Sant Feliu\",\"isPartOf\":{\"@id\":\"https:\/\/piscinassantfeliu.com\/fr\/#website\"},\"primaryImageOfPage\":{\"@id\":\"https:\/\/piscinassantfeliu.com\/fr\/producte\/robot-limpiafondos-alpha-iq\/#primaryimage\"},\"image\":{\"@id\":\"https:\/\/piscinassantfeliu.com\/fr\/producte\/robot-limpiafondos-alpha-iq\/#primaryimage\"},\"thumbnailUrl\":\"https:\/\/piscinassantfeliu.com\/wp-content\/uploads\/2023\/09\/robot-limpiafondos.jpg\",\"datePublished\":\"2023-09-20T09:55:38+00:00\",\"dateModified\":\"2024-07-02T14:42:52+00:00\",\"breadcrumb\":{\"@id\":\"https:\/\/piscinassantfeliu.com\/fr\/producte\/robot-limpiafondos-alpha-iq\/#breadcrumb\"},\"inLanguage\":\"fr-FR\",\"potentialAction\":[{\"@type\":\"ReadAction\",\"target\":[\"https:\/\/piscinassantfeliu.com\/fr\/producte\/robot-limpiafondos-alpha-iq\/\"]}]},{\"@type\":\"ImageObject\",\"inLanguage\":\"fr-FR\",\"@id\":\"https:\/\/piscinassantfeliu.com\/fr\/producte\/robot-limpiafondos-alpha-iq\/#primaryimage\",\"url\":\"https:\/\/piscinassantfeliu.com\/wp-content\/uploads\/2023\/09\/robot-limpiafondos.jpg\",\"contentUrl\":\"https:\/\/piscinassantfeliu.com\/wp-content\/uploads\/2023\/09\/robot-limpiafondos.jpg\",\"width\":600,\"height\":600},{\"@type\":\"BreadcrumbList\",\"@id\":\"https:\/\/piscinassantfeliu.com\/fr\/producte\/robot-limpiafondos-alpha-iq\/#breadcrumb\",\"itemListElement\":[{\"@type\":\"ListItem\",\"position\":1,\"name\":\"Portada\",\"item\":\"https:\/\/piscinassantfeliu.com\/fr\/accueille\/\"},{\"@type\":\"ListItem\",\"position\":2,\"name\":\"Botiga\",\"item\":\"https:\/\/piscinassantfeliu.com\/botiga\/\"},{\"@type\":\"ListItem\",\"position\":3,\"name\":\"ROBOT LIMPIAFONDOS ALPHA IQ\"}]},{\"@type\":\"WebSite\",\"@id\":\"https:\/\/piscinassantfeliu.com\/fr\/#website\",\"url\":\"https:\/\/piscinassantfeliu.com\/fr\/\",\"name\":\"Piscines Sant Feliu\",\"description\":\"Ens encarreguem del proc\u00e9s de construcci\u00f3 de cada piscina al complet. Ens agrada apostar pel disseny i els grans acabats.\",\"potentialAction\":[{\"@type\":\"SearchAction\",\"target\":{\"@type\":\"EntryPoint\",\"urlTemplate\":\"https:\/\/piscinassantfeliu.com\/fr\/?s={search_term_string}\"},\"query-input\":{\"@type\":\"PropertyValueSpecification\",\"valueRequired\":true,\"valueName\":\"search_term_string\"}}],\"inLanguage\":\"fr-FR\"}]}<\/script>\n<!-- \/ Yoast SEO plugin. -->","yoast_head_json":{"title":"ROBOT LIMPIAFONDOS ALPHA IQ - Piscines Sant Feliu","robots":{"index":"index","follow":"follow","max-snippet":"max-snippet:-1","max-image-preview":"max-image-preview:large","max-video-preview":"max-video-preview:-1"},"canonical":"https:\/\/piscinassantfeliu.com\/fr\/producte\/robot-limpiafondos-alpha-iq\/","og_locale":"fr_FR","og_type":"article","og_title":"ROBOT LIMPIAFONDOS ALPHA IQ - Piscines Sant Feliu","og_description":"ROBOT LIMPIAFONDOS ALPHA IQ Combinaci\u00f3n de inteligencia y m\u00e1ximo rendimiento. Sensor Nav Sytem: limpieza inteligente y personalizada. Aspiraci\u00f3n super potente y constante. M\u00e1s ligero al salir del agua. Conexi\u00f3n wifi: interfaz intuituva y funcionalidades avanzadas en la aplicaco\u00f3n desde cualquier lugar. Carro de transporte-unidad de control-filtro residuos finos 60up-contact+cepillos-Swivel-aplicaci\u00f3n gratuita- Piscinas enterradas y elevadas con paredes rigidas de hasta 12 x 6m. Revestimientos Gressite, liner, casco de poliester, PVC armado y hormig\u00f3n pintado. Limpieza: fondos\/pared\/l\u00ednea de agua. 2 ciclos de limpieza WR000198","og_url":"https:\/\/piscinassantfeliu.com\/fr\/producte\/robot-limpiafondos-alpha-iq\/","og_site_name":"Piscines Sant Feliu","article_modified_time":"2024-07-02T14:42:52+00:00","og_image":[{"width":600,"height":600,"url":"https:\/\/piscinassantfeliu.com\/wp-content\/uploads\/2023\/09\/robot-limpiafondos.jpg","type":"image\/jpeg"}],"twitter_card":"summary_large_image","twitter_misc":{"Dur\u00e9e de lecture estim\u00e9e":"1 minute"},"schema":{"@context":"https:\/\/schema.org","@graph":[{"@type":"WebPage","@id":"https:\/\/piscinassantfeliu.com\/fr\/producte\/robot-limpiafondos-alpha-iq\/","url":"https:\/\/piscinassantfeliu.com\/fr\/producte\/robot-limpiafondos-alpha-iq\/","name":"ROBOT LIMPIAFONDOS ALPHA IQ - Piscines Sant Feliu","isPartOf":{"@id":"https:\/\/piscinassantfeliu.com\/fr\/#website"},"primaryImageOfPage":{"@id":"https:\/\/piscinassantfeliu.com\/fr\/producte\/robot-limpiafondos-alpha-iq\/#primaryimage"},"image":{"@id":"https:\/\/piscinassantfeliu.com\/fr\/producte\/robot-limpiafondos-alpha-iq\/#primaryimage"},"thumbnailUrl":"https:\/\/piscinassantfeliu.com\/wp-content\/uploads\/2023\/09\/robot-limpiafondos.jpg","datePublished":"2023-09-20T09:55:38+00:00","dateModified":"2024-07-02T14:42:52+00:00","breadcrumb":{"@id":"https:\/\/piscinassantfeliu.com\/fr\/producte\/robot-limpiafondos-alpha-iq\/#breadcrumb"},"inLanguage":"fr-FR","potentialAction":[{"@type":"ReadAction","target":["https:\/\/piscinassantfeliu.com\/fr\/producte\/robot-limpiafondos-alpha-iq\/"]}]},{"@type":"ImageObject","inLanguage":"fr-FR","@id":"https:\/\/piscinassantfeliu.com\/fr\/producte\/robot-limpiafondos-alpha-iq\/#primaryimage","url":"https:\/\/piscinassantfeliu.com\/wp-content\/uploads\/2023\/09\/robot-limpiafondos.jpg","contentUrl":"https:\/\/piscinassantfeliu.com\/wp-content\/uploads\/2023\/09\/robot-limpiafondos.jpg","width":600,"height":600},{"@type":"BreadcrumbList","@id":"https:\/\/piscinassantfeliu.com\/fr\/producte\/robot-limpiafondos-alpha-iq\/#breadcrumb","itemListElement":[{"@type":"ListItem","position":1,"name":"Portada","item":"https:\/\/piscinassantfeliu.com\/fr\/accueille\/"},{"@type":"ListItem","position":2,"name":"Botiga","item":"https:\/\/piscinassantfeliu.com\/botiga\/"},{"@type":"ListItem","position":3,"name":"ROBOT LIMPIAFONDOS ALPHA IQ"}]},{"@type":"WebSite","@id":"https:\/\/piscinassantfeliu.com\/fr\/#website","url":"https:\/\/piscinassantfeliu.com\/fr\/","name":"Piscines Sant Feliu","description":"Ens encarreguem del proc\u00e9s de construcci\u00f3 de cada piscina al complet. Ens agrada apostar pel disseny i els grans acabats.","potentialAction":[{"@type":"SearchAction","target":{"@type":"EntryPoint","urlTemplate":"https:\/\/piscinassantfeliu.com\/fr\/?s={search_term_string}"},"query-input":{"@type":"PropertyValueSpecification","valueRequired":true,"valueName":"search_term_string"}}],"inLanguage":"fr-FR"}]}},"_links":{"self":[{"href":"https:\/\/piscinassantfeliu.com\/fr\/wp-json\/wp\/v2\/product\/3115","targetHints":{"allow":["GET"]}}],"collection":[{"href":"https:\/\/piscinassantfeliu.com\/fr\/wp-json\/wp\/v2\/product"}],"about":[{"href":"https:\/\/piscinassantfeliu.com\/fr\/wp-json\/wp\/v2\/types\/product"}],"replies":[{"embeddable":true,"href":"https:\/\/piscinassantfeliu.com\/fr\/wp-json\/wp\/v2\/comments?post=3115"}],"wp:featuredmedia":[{"embeddable":true,"href":"https:\/\/piscinassantfeliu.com\/fr\/wp-json\/wp\/v2\/media\/3474"}],"wp:attachment":[{"href":"https:\/\/piscinassantfeliu.com\/fr\/wp-json\/wp\/v2\/media?parent=3115"}],"wp:term":[{"taxonomy":"product_brand","embeddable":true,"href":"https:\/\/piscinassantfeliu.com\/fr\/wp-json\/wp\/v2\/product_brand?post=3115"},{"taxonomy":"product_cat","embeddable":true,"href":"https:\/\/piscinassantfeliu.com\/fr\/wp-json\/wp\/v2\/product_cat?post=3115"},{"taxonomy":"product_tag","embeddable":true,"href":"https:\/\/piscinassantfeliu.com\/fr\/wp-json\/wp\/v2\/product_tag?post=3115"}],"curies":[{"name":"wp","href":"https:\/\/api.w.org\/{rel}","templated":true}]}}