{"id":3119,"date":"2023-09-20T09:55:41","date_gmt":"2023-09-20T09:55:41","guid":{"rendered":"https:\/\/piscinassantfeliu.com\/producte\/robot-limpiafondos-voyager-2\/"},"modified":"2023-09-20T09:55:41","modified_gmt":"2023-09-20T09:55:41","slug":"robot-limpiafondos-voyager-2","status":"publish","type":"product","link":"https:\/\/piscinassantfeliu.com\/fr\/producte\/robot-limpiafondos-voyager-2\/","title":{"rendered":"ROBOT LIMPIAFONDOS VOYAGER"},"content":{"rendered":"","protected":false},"excerpt":{"rendered":"<p>ROBOT LIMPIAFONDOS VOYAGER Agilidad con la m\u00e1xima potencia, M\u00e0ximor rendimiento de limpieza:Aspiraci\u00f3n cicl\u00f3nica patentada\/cepillos en h\u00e9lice\/Filtraci\u00f3n progresiva de doble nivel 150\/60up SWIVEL Desplazamiento \u00e1gil: Dise\u00f1ado para funcionar en piscinas de cualquier forma y en todo tipo de revestimiento\/correas de tracci\u00f3n\/ aceler\u00f3metro y giroscopio. Control a trav\u00e9s de la aplicacion iAqualink: funciones elementales.Manipulaci\u00f3n f\u00e1cil: Acceso superior al filtro\/ventana transparente y carrito.Unidad de control &#8211; Carro de transporte &#8211; doble filtro &#8211; soporte unidad de control i aplicaci\u00f3n gratuita para piscinas enterradas privadas y elevadas con paredes rigidas de hasta 12 x 6 m. Limpieza de Fondo\/pared\/l\u00ednea de agua. 2 ciclos de duraci\u00f3n WR000499<\/p>\n","protected":false},"featured_media":1078,"comment_status":"closed","ping_status":"open","template":"","meta":[],"product_brand":[],"product_cat":[32],"product_tag":[],"class_list":{"0":"post-3119","1":"product","2":"type-product","3":"status-publish","4":"has-post-thumbnail","6":"product_cat-netejafons","8":"first","9":"instock","10":"purchasable","11":"product-type-simple"},"yoast_head":"<!-- This site is optimized with the Yoast SEO plugin v25.5 - https:\/\/yoast.com\/wordpress\/plugins\/seo\/ -->\n<title>ROBOT LIMPIAFONDOS VOYAGER - Piscines Sant Feliu<\/title>\n<meta name=\"robots\" content=\"index, follow, max-snippet:-1, max-image-preview:large, max-video-preview:-1\" \/>\n<link rel=\"canonical\" href=\"https:\/\/piscinassantfeliu.com\/fr\/producte\/robot-limpiafondos-voyager-2\/\" \/>\n<meta property=\"og:locale\" content=\"fr_FR\" \/>\n<meta property=\"og:type\" content=\"article\" \/>\n<meta property=\"og:title\" content=\"ROBOT LIMPIAFONDOS VOYAGER - Piscines Sant Feliu\" \/>\n<meta property=\"og:description\" content=\"ROBOT LIMPIAFONDOS VOYAGER Agilidad con la m\u00e1xima potencia, M\u00e0ximor rendimiento de limpieza:Aspiraci\u00f3n cicl\u00f3nica patentada\/cepillos en h\u00e9lice\/Filtraci\u00f3n progresiva de doble nivel 150\/60up SWIVEL Desplazamiento \u00e1gil: Dise\u00f1ado para funcionar en piscinas de cualquier forma y en todo tipo de revestimiento\/correas de tracci\u00f3n\/ aceler\u00f3metro y giroscopio. Control a trav\u00e9s de la aplicacion iAqualink: funciones elementales.Manipulaci\u00f3n f\u00e1cil: Acceso superior al filtro\/ventana transparente y carrito.Unidad de control - Carro de transporte - doble filtro - soporte unidad de control i aplicaci\u00f3n gratuita para piscinas enterradas privadas y elevadas con paredes rigidas de hasta 12 x 6 m. Limpieza de Fondo\/pared\/l\u00ednea de agua. 2 ciclos de duraci\u00f3n WR000499\" \/>\n<meta property=\"og:url\" content=\"https:\/\/piscinassantfeliu.com\/fr\/producte\/robot-limpiafondos-voyager-2\/\" \/>\n<meta property=\"og:site_name\" content=\"Piscines Sant Feliu\" \/>\n<meta property=\"og:image\" content=\"https:\/\/piscinassantfeliu.com\/wp-content\/uploads\/2023\/06\/RE-4700-IQ.jpg\" \/>\n\t<meta property=\"og:image:width\" content=\"1672\" \/>\n\t<meta property=\"og:image:height\" content=\"1254\" \/>\n\t<meta property=\"og:image:type\" content=\"image\/jpeg\" \/>\n<meta name=\"twitter:card\" content=\"summary_large_image\" \/>\n<script type=\"application\/ld+json\" class=\"yoast-schema-graph\">{\"@context\":\"https:\/\/schema.org\",\"@graph\":[{\"@type\":\"WebPage\",\"@id\":\"https:\/\/piscinassantfeliu.com\/fr\/producte\/robot-limpiafondos-voyager-2\/\",\"url\":\"https:\/\/piscinassantfeliu.com\/fr\/producte\/robot-limpiafondos-voyager-2\/\",\"name\":\"ROBOT LIMPIAFONDOS VOYAGER - Piscines Sant Feliu\",\"isPartOf\":{\"@id\":\"https:\/\/piscinassantfeliu.com\/fr\/#website\"},\"primaryImageOfPage\":{\"@id\":\"https:\/\/piscinassantfeliu.com\/fr\/producte\/robot-limpiafondos-voyager-2\/#primaryimage\"},\"image\":{\"@id\":\"https:\/\/piscinassantfeliu.com\/fr\/producte\/robot-limpiafondos-voyager-2\/#primaryimage\"},\"thumbnailUrl\":\"https:\/\/piscinassantfeliu.com\/wp-content\/uploads\/2023\/06\/RE-4700-IQ.jpg\",\"datePublished\":\"2023-09-20T09:55:41+00:00\",\"breadcrumb\":{\"@id\":\"https:\/\/piscinassantfeliu.com\/fr\/producte\/robot-limpiafondos-voyager-2\/#breadcrumb\"},\"inLanguage\":\"fr-FR\",\"potentialAction\":[{\"@type\":\"ReadAction\",\"target\":[\"https:\/\/piscinassantfeliu.com\/fr\/producte\/robot-limpiafondos-voyager-2\/\"]}]},{\"@type\":\"ImageObject\",\"inLanguage\":\"fr-FR\",\"@id\":\"https:\/\/piscinassantfeliu.com\/fr\/producte\/robot-limpiafondos-voyager-2\/#primaryimage\",\"url\":\"https:\/\/piscinassantfeliu.com\/wp-content\/uploads\/2023\/06\/RE-4700-IQ.jpg\",\"contentUrl\":\"https:\/\/piscinassantfeliu.com\/wp-content\/uploads\/2023\/06\/RE-4700-IQ.jpg\",\"width\":1672,\"height\":1254},{\"@type\":\"BreadcrumbList\",\"@id\":\"https:\/\/piscinassantfeliu.com\/fr\/producte\/robot-limpiafondos-voyager-2\/#breadcrumb\",\"itemListElement\":[{\"@type\":\"ListItem\",\"position\":1,\"name\":\"Portada\",\"item\":\"https:\/\/piscinassantfeliu.com\/fr\/accueille\/\"},{\"@type\":\"ListItem\",\"position\":2,\"name\":\"Botiga\",\"item\":\"https:\/\/piscinassantfeliu.com\/botiga\/\"},{\"@type\":\"ListItem\",\"position\":3,\"name\":\"ROBOT LIMPIAFONDOS VOYAGER\"}]},{\"@type\":\"WebSite\",\"@id\":\"https:\/\/piscinassantfeliu.com\/fr\/#website\",\"url\":\"https:\/\/piscinassantfeliu.com\/fr\/\",\"name\":\"Piscines Sant Feliu\",\"description\":\"Ens encarreguem del proc\u00e9s de construcci\u00f3 de cada piscina al complet. Ens agrada apostar pel disseny i els grans acabats.\",\"potentialAction\":[{\"@type\":\"SearchAction\",\"target\":{\"@type\":\"EntryPoint\",\"urlTemplate\":\"https:\/\/piscinassantfeliu.com\/fr\/?s={search_term_string}\"},\"query-input\":{\"@type\":\"PropertyValueSpecification\",\"valueRequired\":true,\"valueName\":\"search_term_string\"}}],\"inLanguage\":\"fr-FR\"}]}<\/script>\n<!-- \/ Yoast SEO plugin. -->","yoast_head_json":{"title":"ROBOT LIMPIAFONDOS VOYAGER - Piscines Sant Feliu","robots":{"index":"index","follow":"follow","max-snippet":"max-snippet:-1","max-image-preview":"max-image-preview:large","max-video-preview":"max-video-preview:-1"},"canonical":"https:\/\/piscinassantfeliu.com\/fr\/producte\/robot-limpiafondos-voyager-2\/","og_locale":"fr_FR","og_type":"article","og_title":"ROBOT LIMPIAFONDOS VOYAGER - Piscines Sant Feliu","og_description":"ROBOT LIMPIAFONDOS VOYAGER Agilidad con la m\u00e1xima potencia, M\u00e0ximor rendimiento de limpieza:Aspiraci\u00f3n cicl\u00f3nica patentada\/cepillos en h\u00e9lice\/Filtraci\u00f3n progresiva de doble nivel 150\/60up SWIVEL Desplazamiento \u00e1gil: Dise\u00f1ado para funcionar en piscinas de cualquier forma y en todo tipo de revestimiento\/correas de tracci\u00f3n\/ aceler\u00f3metro y giroscopio. Control a trav\u00e9s de la aplicacion iAqualink: funciones elementales.Manipulaci\u00f3n f\u00e1cil: Acceso superior al filtro\/ventana transparente y carrito.Unidad de control - Carro de transporte - doble filtro - soporte unidad de control i aplicaci\u00f3n gratuita para piscinas enterradas privadas y elevadas con paredes rigidas de hasta 12 x 6 m. Limpieza de Fondo\/pared\/l\u00ednea de agua. 2 ciclos de duraci\u00f3n WR000499","og_url":"https:\/\/piscinassantfeliu.com\/fr\/producte\/robot-limpiafondos-voyager-2\/","og_site_name":"Piscines Sant Feliu","og_image":[{"width":1672,"height":1254,"url":"https:\/\/piscinassantfeliu.com\/wp-content\/uploads\/2023\/06\/RE-4700-IQ.jpg","type":"image\/jpeg"}],"twitter_card":"summary_large_image","schema":{"@context":"https:\/\/schema.org","@graph":[{"@type":"WebPage","@id":"https:\/\/piscinassantfeliu.com\/fr\/producte\/robot-limpiafondos-voyager-2\/","url":"https:\/\/piscinassantfeliu.com\/fr\/producte\/robot-limpiafondos-voyager-2\/","name":"ROBOT LIMPIAFONDOS VOYAGER - Piscines Sant Feliu","isPartOf":{"@id":"https:\/\/piscinassantfeliu.com\/fr\/#website"},"primaryImageOfPage":{"@id":"https:\/\/piscinassantfeliu.com\/fr\/producte\/robot-limpiafondos-voyager-2\/#primaryimage"},"image":{"@id":"https:\/\/piscinassantfeliu.com\/fr\/producte\/robot-limpiafondos-voyager-2\/#primaryimage"},"thumbnailUrl":"https:\/\/piscinassantfeliu.com\/wp-content\/uploads\/2023\/06\/RE-4700-IQ.jpg","datePublished":"2023-09-20T09:55:41+00:00","breadcrumb":{"@id":"https:\/\/piscinassantfeliu.com\/fr\/producte\/robot-limpiafondos-voyager-2\/#breadcrumb"},"inLanguage":"fr-FR","potentialAction":[{"@type":"ReadAction","target":["https:\/\/piscinassantfeliu.com\/fr\/producte\/robot-limpiafondos-voyager-2\/"]}]},{"@type":"ImageObject","inLanguage":"fr-FR","@id":"https:\/\/piscinassantfeliu.com\/fr\/producte\/robot-limpiafondos-voyager-2\/#primaryimage","url":"https:\/\/piscinassantfeliu.com\/wp-content\/uploads\/2023\/06\/RE-4700-IQ.jpg","contentUrl":"https:\/\/piscinassantfeliu.com\/wp-content\/uploads\/2023\/06\/RE-4700-IQ.jpg","width":1672,"height":1254},{"@type":"BreadcrumbList","@id":"https:\/\/piscinassantfeliu.com\/fr\/producte\/robot-limpiafondos-voyager-2\/#breadcrumb","itemListElement":[{"@type":"ListItem","position":1,"name":"Portada","item":"https:\/\/piscinassantfeliu.com\/fr\/accueille\/"},{"@type":"ListItem","position":2,"name":"Botiga","item":"https:\/\/piscinassantfeliu.com\/botiga\/"},{"@type":"ListItem","position":3,"name":"ROBOT LIMPIAFONDOS VOYAGER"}]},{"@type":"WebSite","@id":"https:\/\/piscinassantfeliu.com\/fr\/#website","url":"https:\/\/piscinassantfeliu.com\/fr\/","name":"Piscines Sant Feliu","description":"Ens encarreguem del proc\u00e9s de construcci\u00f3 de cada piscina al complet. Ens agrada apostar pel disseny i els grans acabats.","potentialAction":[{"@type":"SearchAction","target":{"@type":"EntryPoint","urlTemplate":"https:\/\/piscinassantfeliu.com\/fr\/?s={search_term_string}"},"query-input":{"@type":"PropertyValueSpecification","valueRequired":true,"valueName":"search_term_string"}}],"inLanguage":"fr-FR"}]}},"_links":{"self":[{"href":"https:\/\/piscinassantfeliu.com\/fr\/wp-json\/wp\/v2\/product\/3119","targetHints":{"allow":["GET"]}}],"collection":[{"href":"https:\/\/piscinassantfeliu.com\/fr\/wp-json\/wp\/v2\/product"}],"about":[{"href":"https:\/\/piscinassantfeliu.com\/fr\/wp-json\/wp\/v2\/types\/product"}],"replies":[{"embeddable":true,"href":"https:\/\/piscinassantfeliu.com\/fr\/wp-json\/wp\/v2\/comments?post=3119"}],"wp:featuredmedia":[{"embeddable":true,"href":"https:\/\/piscinassantfeliu.com\/fr\/wp-json\/wp\/v2\/media\/1078"}],"wp:attachment":[{"href":"https:\/\/piscinassantfeliu.com\/fr\/wp-json\/wp\/v2\/media?parent=3119"}],"wp:term":[{"taxonomy":"product_brand","embeddable":true,"href":"https:\/\/piscinassantfeliu.com\/fr\/wp-json\/wp\/v2\/product_brand?post=3119"},{"taxonomy":"product_cat","embeddable":true,"href":"https:\/\/piscinassantfeliu.com\/fr\/wp-json\/wp\/v2\/product_cat?post=3119"},{"taxonomy":"product_tag","embeddable":true,"href":"https:\/\/piscinassantfeliu.com\/fr\/wp-json\/wp\/v2\/product_tag?post=3119"}],"curies":[{"name":"wp","href":"https:\/\/api.w.org\/{rel}","templated":true}]}}