{"id":3122,"date":"2023-09-20T09:55:41","date_gmt":"2023-09-20T09:55:41","guid":{"rendered":"https:\/\/piscinassantfeliu.com\/producte\/saquitos-floculante\/"},"modified":"2023-09-20T09:55:42","modified_gmt":"2023-09-20T09:55:42","slug":"saquitos-floculante","status":"publish","type":"product","link":"https:\/\/piscinassantfeliu.com\/fr\/producte\/saquitos-floculante\/","title":{"rendered":"SAQUITOS FLOCULANTE"},"content":{"rendered":"","protected":false},"excerpt":{"rendered":"<p>SAQUITOS FLOCULANTE Mejora la calidad de filtraci\u00f3n, la transparencia y la limpieza del agua transformando las peque\u00f1as part\u00edculas en suspensi\u00f3n en otras de mayor tama\u00f1o que precipitan al fondo de la piscina. No debe utilizarse en filtros de diatomeas, s\u00f3lo para filtros de arena y cristal : DOSIS A\u00f1adir en skimmer o prefiltro dos saquitos floculantes por cada 100 m\u00b3 de agua.<\/p>\n","protected":false},"featured_media":1153,"comment_status":"closed","ping_status":"open","template":"","meta":[],"product_brand":[],"product_cat":[31],"product_tag":[],"class_list":{"0":"post-3122","1":"product","2":"type-product","3":"status-publish","4":"has-post-thumbnail","6":"product_cat-producte-quimic","8":"first","9":"instock","10":"purchasable","11":"product-type-simple"},"yoast_head":"<!-- This site is optimized with the Yoast SEO plugin v25.5 - https:\/\/yoast.com\/wordpress\/plugins\/seo\/ -->\n<title>SAQUITOS FLOCULANTE - Piscines Sant Feliu<\/title>\n<meta name=\"robots\" content=\"index, follow, max-snippet:-1, max-image-preview:large, max-video-preview:-1\" \/>\n<link rel=\"canonical\" href=\"https:\/\/piscinassantfeliu.com\/fr\/producte\/saquitos-floculante\/\" \/>\n<meta property=\"og:locale\" content=\"fr_FR\" \/>\n<meta property=\"og:type\" content=\"article\" \/>\n<meta property=\"og:title\" content=\"SAQUITOS FLOCULANTE - Piscines Sant Feliu\" \/>\n<meta property=\"og:description\" content=\"SAQUITOS FLOCULANTE Mejora la calidad de filtraci\u00f3n, la transparencia y la limpieza del agua transformando las peque\u00f1as part\u00edculas en suspensi\u00f3n en otras de mayor tama\u00f1o que precipitan al fondo de la piscina. No debe utilizarse en filtros de diatomeas, s\u00f3lo para filtros de arena y cristal : DOSIS A\u00f1adir en skimmer o prefiltro dos saquitos floculantes por cada 100 m\u00b3 de agua.\" \/>\n<meta property=\"og:url\" content=\"https:\/\/piscinassantfeliu.com\/fr\/producte\/saquitos-floculante\/\" \/>\n<meta property=\"og:site_name\" content=\"Piscines Sant Feliu\" \/>\n<meta property=\"article:modified_time\" content=\"2023-09-20T09:55:42+00:00\" \/>\n<meta property=\"og:image\" content=\"https:\/\/piscinassantfeliu.com\/wp-content\/uploads\/2023\/06\/471402.jpg\" \/>\n\t<meta property=\"og:image:width\" content=\"800\" \/>\n\t<meta property=\"og:image:height\" content=\"600\" \/>\n\t<meta property=\"og:image:type\" content=\"image\/jpeg\" \/>\n<meta name=\"twitter:card\" content=\"summary_large_image\" \/>\n<script type=\"application\/ld+json\" class=\"yoast-schema-graph\">{\"@context\":\"https:\/\/schema.org\",\"@graph\":[{\"@type\":\"WebPage\",\"@id\":\"https:\/\/piscinassantfeliu.com\/fr\/producte\/saquitos-floculante\/\",\"url\":\"https:\/\/piscinassantfeliu.com\/fr\/producte\/saquitos-floculante\/\",\"name\":\"SAQUITOS FLOCULANTE - Piscines Sant Feliu\",\"isPartOf\":{\"@id\":\"https:\/\/piscinassantfeliu.com\/fr\/#website\"},\"primaryImageOfPage\":{\"@id\":\"https:\/\/piscinassantfeliu.com\/fr\/producte\/saquitos-floculante\/#primaryimage\"},\"image\":{\"@id\":\"https:\/\/piscinassantfeliu.com\/fr\/producte\/saquitos-floculante\/#primaryimage\"},\"thumbnailUrl\":\"https:\/\/piscinassantfeliu.com\/wp-content\/uploads\/2023\/06\/471402.jpg\",\"datePublished\":\"2023-09-20T09:55:41+00:00\",\"dateModified\":\"2023-09-20T09:55:42+00:00\",\"breadcrumb\":{\"@id\":\"https:\/\/piscinassantfeliu.com\/fr\/producte\/saquitos-floculante\/#breadcrumb\"},\"inLanguage\":\"fr-FR\",\"potentialAction\":[{\"@type\":\"ReadAction\",\"target\":[\"https:\/\/piscinassantfeliu.com\/fr\/producte\/saquitos-floculante\/\"]}]},{\"@type\":\"ImageObject\",\"inLanguage\":\"fr-FR\",\"@id\":\"https:\/\/piscinassantfeliu.com\/fr\/producte\/saquitos-floculante\/#primaryimage\",\"url\":\"https:\/\/piscinassantfeliu.com\/wp-content\/uploads\/2023\/06\/471402.jpg\",\"contentUrl\":\"https:\/\/piscinassantfeliu.com\/wp-content\/uploads\/2023\/06\/471402.jpg\",\"width\":800,\"height\":600},{\"@type\":\"BreadcrumbList\",\"@id\":\"https:\/\/piscinassantfeliu.com\/fr\/producte\/saquitos-floculante\/#breadcrumb\",\"itemListElement\":[{\"@type\":\"ListItem\",\"position\":1,\"name\":\"Portada\",\"item\":\"https:\/\/piscinassantfeliu.com\/fr\/accueille\/\"},{\"@type\":\"ListItem\",\"position\":2,\"name\":\"Botiga\",\"item\":\"https:\/\/piscinassantfeliu.com\/botiga\/\"},{\"@type\":\"ListItem\",\"position\":3,\"name\":\"SAQUITOS FLOCULANTE\"}]},{\"@type\":\"WebSite\",\"@id\":\"https:\/\/piscinassantfeliu.com\/fr\/#website\",\"url\":\"https:\/\/piscinassantfeliu.com\/fr\/\",\"name\":\"Piscines Sant Feliu\",\"description\":\"Ens encarreguem del proc\u00e9s de construcci\u00f3 de cada piscina al complet. Ens agrada apostar pel disseny i els grans acabats.\",\"potentialAction\":[{\"@type\":\"SearchAction\",\"target\":{\"@type\":\"EntryPoint\",\"urlTemplate\":\"https:\/\/piscinassantfeliu.com\/fr\/?s={search_term_string}\"},\"query-input\":{\"@type\":\"PropertyValueSpecification\",\"valueRequired\":true,\"valueName\":\"search_term_string\"}}],\"inLanguage\":\"fr-FR\"}]}<\/script>\n<!-- \/ Yoast SEO plugin. -->","yoast_head_json":{"title":"SAQUITOS FLOCULANTE - Piscines Sant Feliu","robots":{"index":"index","follow":"follow","max-snippet":"max-snippet:-1","max-image-preview":"max-image-preview:large","max-video-preview":"max-video-preview:-1"},"canonical":"https:\/\/piscinassantfeliu.com\/fr\/producte\/saquitos-floculante\/","og_locale":"fr_FR","og_type":"article","og_title":"SAQUITOS FLOCULANTE - Piscines Sant Feliu","og_description":"SAQUITOS FLOCULANTE Mejora la calidad de filtraci\u00f3n, la transparencia y la limpieza del agua transformando las peque\u00f1as part\u00edculas en suspensi\u00f3n en otras de mayor tama\u00f1o que precipitan al fondo de la piscina. No debe utilizarse en filtros de diatomeas, s\u00f3lo para filtros de arena y cristal : DOSIS A\u00f1adir en skimmer o prefiltro dos saquitos floculantes por cada 100 m\u00b3 de agua.","og_url":"https:\/\/piscinassantfeliu.com\/fr\/producte\/saquitos-floculante\/","og_site_name":"Piscines Sant Feliu","article_modified_time":"2023-09-20T09:55:42+00:00","og_image":[{"width":800,"height":600,"url":"https:\/\/piscinassantfeliu.com\/wp-content\/uploads\/2023\/06\/471402.jpg","type":"image\/jpeg"}],"twitter_card":"summary_large_image","schema":{"@context":"https:\/\/schema.org","@graph":[{"@type":"WebPage","@id":"https:\/\/piscinassantfeliu.com\/fr\/producte\/saquitos-floculante\/","url":"https:\/\/piscinassantfeliu.com\/fr\/producte\/saquitos-floculante\/","name":"SAQUITOS FLOCULANTE - Piscines Sant Feliu","isPartOf":{"@id":"https:\/\/piscinassantfeliu.com\/fr\/#website"},"primaryImageOfPage":{"@id":"https:\/\/piscinassantfeliu.com\/fr\/producte\/saquitos-floculante\/#primaryimage"},"image":{"@id":"https:\/\/piscinassantfeliu.com\/fr\/producte\/saquitos-floculante\/#primaryimage"},"thumbnailUrl":"https:\/\/piscinassantfeliu.com\/wp-content\/uploads\/2023\/06\/471402.jpg","datePublished":"2023-09-20T09:55:41+00:00","dateModified":"2023-09-20T09:55:42+00:00","breadcrumb":{"@id":"https:\/\/piscinassantfeliu.com\/fr\/producte\/saquitos-floculante\/#breadcrumb"},"inLanguage":"fr-FR","potentialAction":[{"@type":"ReadAction","target":["https:\/\/piscinassantfeliu.com\/fr\/producte\/saquitos-floculante\/"]}]},{"@type":"ImageObject","inLanguage":"fr-FR","@id":"https:\/\/piscinassantfeliu.com\/fr\/producte\/saquitos-floculante\/#primaryimage","url":"https:\/\/piscinassantfeliu.com\/wp-content\/uploads\/2023\/06\/471402.jpg","contentUrl":"https:\/\/piscinassantfeliu.com\/wp-content\/uploads\/2023\/06\/471402.jpg","width":800,"height":600},{"@type":"BreadcrumbList","@id":"https:\/\/piscinassantfeliu.com\/fr\/producte\/saquitos-floculante\/#breadcrumb","itemListElement":[{"@type":"ListItem","position":1,"name":"Portada","item":"https:\/\/piscinassantfeliu.com\/fr\/accueille\/"},{"@type":"ListItem","position":2,"name":"Botiga","item":"https:\/\/piscinassantfeliu.com\/botiga\/"},{"@type":"ListItem","position":3,"name":"SAQUITOS FLOCULANTE"}]},{"@type":"WebSite","@id":"https:\/\/piscinassantfeliu.com\/fr\/#website","url":"https:\/\/piscinassantfeliu.com\/fr\/","name":"Piscines Sant Feliu","description":"Ens encarreguem del proc\u00e9s de construcci\u00f3 de cada piscina al complet. Ens agrada apostar pel disseny i els grans acabats.","potentialAction":[{"@type":"SearchAction","target":{"@type":"EntryPoint","urlTemplate":"https:\/\/piscinassantfeliu.com\/fr\/?s={search_term_string}"},"query-input":{"@type":"PropertyValueSpecification","valueRequired":true,"valueName":"search_term_string"}}],"inLanguage":"fr-FR"}]}},"_links":{"self":[{"href":"https:\/\/piscinassantfeliu.com\/fr\/wp-json\/wp\/v2\/product\/3122","targetHints":{"allow":["GET"]}}],"collection":[{"href":"https:\/\/piscinassantfeliu.com\/fr\/wp-json\/wp\/v2\/product"}],"about":[{"href":"https:\/\/piscinassantfeliu.com\/fr\/wp-json\/wp\/v2\/types\/product"}],"replies":[{"embeddable":true,"href":"https:\/\/piscinassantfeliu.com\/fr\/wp-json\/wp\/v2\/comments?post=3122"}],"wp:featuredmedia":[{"embeddable":true,"href":"https:\/\/piscinassantfeliu.com\/fr\/wp-json\/wp\/v2\/media\/1153"}],"wp:attachment":[{"href":"https:\/\/piscinassantfeliu.com\/fr\/wp-json\/wp\/v2\/media?parent=3122"}],"wp:term":[{"taxonomy":"product_brand","embeddable":true,"href":"https:\/\/piscinassantfeliu.com\/fr\/wp-json\/wp\/v2\/product_brand?post=3122"},{"taxonomy":"product_cat","embeddable":true,"href":"https:\/\/piscinassantfeliu.com\/fr\/wp-json\/wp\/v2\/product_cat?post=3122"},{"taxonomy":"product_tag","embeddable":true,"href":"https:\/\/piscinassantfeliu.com\/fr\/wp-json\/wp\/v2\/product_tag?post=3122"}],"curies":[{"name":"wp","href":"https:\/\/api.w.org\/{rel}","templated":true}]}}